{"id":2,"date":"2016-05-10T03:48:21","date_gmt":"2016-05-10T03:48:21","guid":{"rendered":"http:\/\/somortopedia.es\/?page_id=2"},"modified":"2017-06-27T16:32:24","modified_gmt":"2017-06-27T16:32:24","slug":"sample-page","status":"publish","type":"page","link":"https:\/\/somortopedia.es\/?page_id=2","title":{"rendered":"Sobre Nosotros"},"content":{"rendered":"<section id=\"about\" class=\"bg-primary\">\n<div class=\"container\">\n<div class=\"row\">\n<div class=\"col-lg-8 col-lg-offset-2 text-center\">\n<h2 class=\"section-heading\">Tenemos lo que necesitas<\/h2>\n<hr class=\"light\" \/>\n<p class=\"text-faded\">\u00bfEst\u00e1s buscando una ortopedia que ofrezca una amplia gama de productos y servicios en Barcelona? Cuando necesitamos ayuda t\u00e9cnica, podemos solicitar presupuesto de art\u00edculos ortop\u00e9dicos como sillas de ruedas bipedestaci\u00f3n, gruas geri\u00e1tricos o mesas auxiliares\u2026 pero elegir el mejor producto ortop\u00e9dico es un trabajo de profesionales.<\/p>\n<p class=\"text-faded\"><b>ORTOPEDIA SOM<\/b> (Suministros Ortop\u00e9dicos Meridiana), tiene una trayectoria de casi 30 a\u00f1os en el \u00e1mbito de la distribuci\u00f3n de productos:<\/p>\n<ul>\n<li>Para las personas con discapacidad, ya sea por causa de una disminuci\u00f3n o por edad<\/li>\n<li>Materiales para el equipamiento cl\u00ednico y sanitario<\/li>\n<li>Especialidades ortop\u00e9dicas y ortoprot\u00e9sicas, fabricadas a medida<\/li>\n<\/ul>\n<p class=\"text-faded\">En nuestro local se encuentra el material en exposici\u00f3n para poder ofrecer una amplia informaci\u00f3n y orientaci\u00f3n, previas a la fabricaci\u00f3n a medida, la adaptaci\u00f3n y distribuci\u00f3n de los productos. El equipo multidisciplinar de <b>ORTOPEDIA SOM<\/b> est\u00e1 especializado en las diferentes disciplinas relacionadas con la equipo de fabricaci\u00f3n, adaptaci\u00f3n y distribuci\u00f3n de los distintos materiales.<\/p>\n<\/div>\n<\/div>\n<\/div>\n<\/section>\n<section id=\"contact\">\n<div class=\"container\"><\/div>\n<\/section>\n","protected":false},"excerpt":{"rendered":"<p>Tenemos lo que necesitas \u00bfEst\u00e1s buscando una ortopedia que ofrezca una amplia gama de productos y servicios en Barcelona? Cuando necesitamos ayuda t\u00e9cnica, podemos solicitar presupuesto de art\u00edculos ortop\u00e9dicos como sillas de ruedas bipedestaci\u00f3n, gruas geri\u00e1tricos o mesas auxiliares\u2026 pero elegir el mejor producto ortop\u00e9dico es un trabajo de profesionales. ORTOPEDIA SOM (Suministros Ortop\u00e9dicos Meridiana), [&hellip;]<\/p>\n","protected":false},"author":1,"featured_media":0,"parent":0,"menu_order":0,"comment_status":"closed","ping_status":"closed","template":"","meta":{"footnotes":""},"class_list":["post-2","page","type-page","status-publish","hentry"],"_links":{"self":[{"href":"https:\/\/somortopedia.es\/index.php?rest_route=\/wp\/v2\/pages\/2","targetHints":{"allow":["GET"]}}],"collection":[{"href":"https:\/\/somortopedia.es\/index.php?rest_route=\/wp\/v2\/pages"}],"about":[{"href":"https:\/\/somortopedia.es\/index.php?rest_route=\/wp\/v2\/types\/page"}],"author":[{"embeddable":true,"href":"https:\/\/somortopedia.es\/index.php?rest_route=\/wp\/v2\/users\/1"}],"replies":[{"embeddable":true,"href":"https:\/\/somortopedia.es\/index.php?rest_route=%2Fwp%2Fv2%2Fcomments&post=2"}],"version-history":[{"count":2,"href":"https:\/\/somortopedia.es\/index.php?rest_route=\/wp\/v2\/pages\/2\/revisions"}],"predecessor-version":[{"id":477,"href":"https:\/\/somortopedia.es\/index.php?rest_route=\/wp\/v2\/pages\/2\/revisions\/477"}],"wp:attachment":[{"href":"https:\/\/somortopedia.es\/index.php?rest_route=%2Fwp%2Fv2%2Fmedia&parent=2"}],"curies":[{"name":"wp","href":"https:\/\/api.w.org\/{rel}","templated":true}]}}