{"id":123,"date":"2017-06-27T15:07:18","date_gmt":"2017-06-27T15:07:18","guid":{"rendered":"http:\/\/somortopedia.es\/?post_type=product&#038;p=123"},"modified":"2017-06-27T15:17:15","modified_gmt":"2017-06-27T15:17:15","slug":"sillas-deportivas","status":"publish","type":"product","link":"https:\/\/somortopedia.es\/?product=sillas-deportivas","title":{"rendered":"All Court Quickie"},"content":{"rendered":"","protected":false},"excerpt":{"rendered":"<p>Dise\u00f1ada en colaboraci\u00f3n con los mejores jugadores de baloncesto, la Quickie ALLCOURT establece un nuevo standard en dise\u00f1o y prestaciones.Con el nuevo sistema de ajuste del centro de gravedad, la Allcourt se ajusta a la posici\u00f3n de centro de gravedad y \u00e1ngulo de asiento particular de cada usuario, sin tener que cambiar ninguna pieza. Todo ello combinado con la variedad de opciones y accesorios, hacen de la ALLCOURT la silla ideal para la pr\u00e1ctica del baloncesto.<\/p>\n","protected":false},"featured_media":0,"comment_status":"open","ping_status":"closed","template":"","meta":[],"product_brand":[],"product_cat":[32],"product_tag":[],"class_list":{"0":"post-123","1":"product","2":"type-product","3":"status-publish","5":"product_cat-sillas-deportivas","7":"first","8":"instock","9":"taxable","10":"shipping-taxable","11":"product-type-simple"},"_links":{"self":[{"href":"https:\/\/somortopedia.es\/index.php?rest_route=\/wp\/v2\/product\/123","targetHints":{"allow":["GET"]}}],"collection":[{"href":"https:\/\/somortopedia.es\/index.php?rest_route=\/wp\/v2\/product"}],"about":[{"href":"https:\/\/somortopedia.es\/index.php?rest_route=\/wp\/v2\/types\/product"}],"replies":[{"embeddable":true,"href":"https:\/\/somortopedia.es\/index.php?rest_route=%2Fwp%2Fv2%2Fcomments&post=123"}],"wp:attachment":[{"href":"https:\/\/somortopedia.es\/index.php?rest_route=%2Fwp%2Fv2%2Fmedia&parent=123"}],"wp:term":[{"taxonomy":"product_brand","embeddable":true,"href":"https:\/\/somortopedia.es\/index.php?rest_route=%2Fwp%2Fv2%2Fproduct_brand&post=123"},{"taxonomy":"product_cat","embeddable":true,"href":"https:\/\/somortopedia.es\/index.php?rest_route=%2Fwp%2Fv2%2Fproduct_cat&post=123"},{"taxonomy":"product_tag","embeddable":true,"href":"https:\/\/somortopedia.es\/index.php?rest_route=%2Fwp%2Fv2%2Fproduct_tag&post=123"}],"curies":[{"name":"wp","href":"https:\/\/api.w.org\/{rel}","templated":true}]}}