{"id":409,"date":"2017-06-27T15:36:16","date_gmt":"2017-06-27T15:36:16","guid":{"rendered":"http:\/\/somortopedia.es\/?post_type=product&#038;p=409"},"modified":"2017-06-27T15:36:16","modified_gmt":"2017-06-27T15:36:16","slug":"kuschall-compact","status":"publish","type":"product","link":"https:\/\/somortopedia.es\/?product=kuschall-compact","title":{"rendered":"Kuschall Compact"},"content":{"rendered":"","protected":false},"excerpt":{"rendered":"<p>Silla activa K\u00fcschall Compact. La mejor silla activa con pescantes escamoteables hacia interior y exterior. Con su nuevo dise\u00f1o muy ligero, dispone de una capacidad excepcional de configuraciones r\u00e1pidamente adaptables.<br \/>\nConfigurable seg\u00fan sus necesidades Disponible en anchuras y profundidades entre 32 y 50 cm mediante incrementos de 2 cm, la K\u00fcschall Compact es f\u00e1cil de ajustar: respaldo, protectores de ropa, posici\u00f3n de los frenos y altura trasera asiento suelo.<br \/>\nCompacta Con un ancho total de 57 cm (para un asiento de 40 cm), la silla Compact responde bien a su nombre, permitiendo \u00e1gilmente pasar en puertas estrechas, y una vez plegada, puede ser introducida f\u00e1cilmente en un coche.<\/p>\n","protected":false},"featured_media":289,"comment_status":"open","ping_status":"closed","template":"","meta":[],"product_brand":[],"product_cat":[25],"product_tag":[],"class_list":{"0":"post-409","1":"product","2":"type-product","3":"status-publish","4":"has-post-thumbnail","6":"product_cat-sillas-manuales-activas","8":"first","9":"instock","10":"taxable","11":"shipping-taxable","12":"product-type-simple"},"_links":{"self":[{"href":"https:\/\/somortopedia.es\/index.php?rest_route=\/wp\/v2\/product\/409","targetHints":{"allow":["GET"]}}],"collection":[{"href":"https:\/\/somortopedia.es\/index.php?rest_route=\/wp\/v2\/product"}],"about":[{"href":"https:\/\/somortopedia.es\/index.php?rest_route=\/wp\/v2\/types\/product"}],"replies":[{"embeddable":true,"href":"https:\/\/somortopedia.es\/index.php?rest_route=%2Fwp%2Fv2%2Fcomments&post=409"}],"wp:featuredmedia":[{"embeddable":true,"href":"https:\/\/somortopedia.es\/index.php?rest_route=\/wp\/v2\/media\/289"}],"wp:attachment":[{"href":"https:\/\/somortopedia.es\/index.php?rest_route=%2Fwp%2Fv2%2Fmedia&parent=409"}],"wp:term":[{"taxonomy":"product_brand","embeddable":true,"href":"https:\/\/somortopedia.es\/index.php?rest_route=%2Fwp%2Fv2%2Fproduct_brand&post=409"},{"taxonomy":"product_cat","embeddable":true,"href":"https:\/\/somortopedia.es\/index.php?rest_route=%2Fwp%2Fv2%2Fproduct_cat&post=409"},{"taxonomy":"product_tag","embeddable":true,"href":"https:\/\/somortopedia.es\/index.php?rest_route=%2Fwp%2Fv2%2Fproduct_tag&post=409"}],"curies":[{"name":"wp","href":"https:\/\/api.w.org\/{rel}","templated":true}]}}