{"id":412,"date":"2017-06-27T15:38:43","date_gmt":"2017-06-27T15:38:43","guid":{"rendered":"http:\/\/somortopedia.es\/?post_type=product&#038;p=412"},"modified":"2017-06-27T15:38:43","modified_gmt":"2017-06-27T15:38:43","slug":"kuschall-r-33","status":"publish","type":"product","link":"https:\/\/somortopedia.es\/?product=kuschall-r-33","title":{"rendered":"Kuschall R-33"},"content":{"rendered":"","protected":false},"excerpt":{"rendered":"<p>Dise\u00f1o y tecnolog\u00eda El revolucionario sistema de amortiguaci\u00f3n (opcional) permite minimizar las presiones sobre la columna vertebral. Esta caracter\u00edstica \u00fanica es particularmente necesaria para usuarios muy activos que frecuentan numerosos obst\u00e1culos con su silla.<\/p>\n","protected":false},"featured_media":325,"comment_status":"open","ping_status":"closed","template":"","meta":[],"product_brand":[],"product_cat":[25],"product_tag":[],"class_list":{"0":"post-412","1":"product","2":"type-product","3":"status-publish","4":"has-post-thumbnail","6":"product_cat-sillas-manuales-activas","8":"first","9":"instock","10":"taxable","11":"shipping-taxable","12":"product-type-simple"},"_links":{"self":[{"href":"https:\/\/somortopedia.es\/index.php?rest_route=\/wp\/v2\/product\/412","targetHints":{"allow":["GET"]}}],"collection":[{"href":"https:\/\/somortopedia.es\/index.php?rest_route=\/wp\/v2\/product"}],"about":[{"href":"https:\/\/somortopedia.es\/index.php?rest_route=\/wp\/v2\/types\/product"}],"replies":[{"embeddable":true,"href":"https:\/\/somortopedia.es\/index.php?rest_route=%2Fwp%2Fv2%2Fcomments&post=412"}],"wp:featuredmedia":[{"embeddable":true,"href":"https:\/\/somortopedia.es\/index.php?rest_route=\/wp\/v2\/media\/325"}],"wp:attachment":[{"href":"https:\/\/somortopedia.es\/index.php?rest_route=%2Fwp%2Fv2%2Fmedia&parent=412"}],"wp:term":[{"taxonomy":"product_brand","embeddable":true,"href":"https:\/\/somortopedia.es\/index.php?rest_route=%2Fwp%2Fv2%2Fproduct_brand&post=412"},{"taxonomy":"product_cat","embeddable":true,"href":"https:\/\/somortopedia.es\/index.php?rest_route=%2Fwp%2Fv2%2Fproduct_cat&post=412"},{"taxonomy":"product_tag","embeddable":true,"href":"https:\/\/somortopedia.es\/index.php?rest_route=%2Fwp%2Fv2%2Fproduct_tag&post=412"}],"curies":[{"name":"wp","href":"https:\/\/api.w.org\/{rel}","templated":true}]}}