{"id":416,"date":"2017-06-27T15:41:37","date_gmt":"2017-06-27T15:41:37","guid":{"rendered":"http:\/\/somortopedia.es\/?post_type=product&#038;p=416"},"modified":"2017-06-27T15:41:37","modified_gmt":"2017-06-27T15:41:37","slug":"quickie-helium","status":"publish","type":"product","link":"https:\/\/somortopedia.es\/?product=quickie-helium","title":{"rendered":"Quickie Helium"},"content":{"rendered":"","protected":false},"excerpt":{"rendered":"<p>La silla ligera Helium nace de las tecnolog\u00edas m\u00e1s innovadoras aplicadas en el mundo de la automoci\u00f3n y de las carreras de coches. Dise\u00f1o e ingenier\u00eda, nuevas t\u00e9cnicas de moldeado del aluminio m\u00e1s ligero, esp\u00edritu deportivo y opciones high-tech para una silla que destaca sobre todo por su dise\u00f1o, ligereza y maniobrabilidad en espacios reducidos. Desde tan s\u00f3lo 6,5 kg! (versi\u00f3n Electron)<\/p>\n","protected":false},"featured_media":324,"comment_status":"open","ping_status":"closed","template":"","meta":[],"product_brand":[],"product_cat":[25],"product_tag":[],"class_list":{"0":"post-416","1":"product","2":"type-product","3":"status-publish","4":"has-post-thumbnail","6":"product_cat-sillas-manuales-activas","8":"first","9":"instock","10":"taxable","11":"shipping-taxable","12":"product-type-simple"},"_links":{"self":[{"href":"https:\/\/somortopedia.es\/index.php?rest_route=\/wp\/v2\/product\/416","targetHints":{"allow":["GET"]}}],"collection":[{"href":"https:\/\/somortopedia.es\/index.php?rest_route=\/wp\/v2\/product"}],"about":[{"href":"https:\/\/somortopedia.es\/index.php?rest_route=\/wp\/v2\/types\/product"}],"replies":[{"embeddable":true,"href":"https:\/\/somortopedia.es\/index.php?rest_route=%2Fwp%2Fv2%2Fcomments&post=416"}],"wp:featuredmedia":[{"embeddable":true,"href":"https:\/\/somortopedia.es\/index.php?rest_route=\/wp\/v2\/media\/324"}],"wp:attachment":[{"href":"https:\/\/somortopedia.es\/index.php?rest_route=%2Fwp%2Fv2%2Fmedia&parent=416"}],"wp:term":[{"taxonomy":"product_brand","embeddable":true,"href":"https:\/\/somortopedia.es\/index.php?rest_route=%2Fwp%2Fv2%2Fproduct_brand&post=416"},{"taxonomy":"product_cat","embeddable":true,"href":"https:\/\/somortopedia.es\/index.php?rest_route=%2Fwp%2Fv2%2Fproduct_cat&post=416"},{"taxonomy":"product_tag","embeddable":true,"href":"https:\/\/somortopedia.es\/index.php?rest_route=%2Fwp%2Fv2%2Fproduct_tag&post=416"}],"curies":[{"name":"wp","href":"https:\/\/api.w.org\/{rel}","templated":true}]}}