{"id":418,"date":"2017-06-27T15:42:39","date_gmt":"2017-06-27T15:42:39","guid":{"rendered":"http:\/\/somortopedia.es\/?post_type=product&#038;p=418"},"modified":"2018-02-12T12:06:48","modified_gmt":"2018-02-12T12:06:48","slug":"quickie-neon","status":"publish","type":"product","link":"https:\/\/somortopedia.es\/?product=quickie-neon","title":{"rendered":"Quickie Neon 2"},"content":{"rendered":"","protected":false},"excerpt":{"rendered":"<p>Elegante dise\u00f1o y una amplia gama de opciones; la silla de ruedas ligera Neon 2 derrocha personalidad.<br \/>\nGran eficiencia en la conducci\u00f3n y un plegado compacto gracias al dise\u00f1o de armaz\u00f3n trasero abierto y a su nuevo sistema de plegado sin esfuerzo. Podr\u00e1s transportarla hasta en el coche m\u00e1s peque\u00f1o!!.<br \/>\nY todo ello con la mejor relaci\u00f3n calidad-precio.<br \/>\nDisfruta de un viaje en primera clase con la nueva silla de ruedas de aluminio QUICKIE Neon 2!!<\/p>\n","protected":false},"featured_media":621,"comment_status":"open","ping_status":"closed","template":"","meta":[],"product_brand":[],"product_cat":[25],"product_tag":[],"class_list":{"0":"post-418","1":"product","2":"type-product","3":"status-publish","4":"has-post-thumbnail","6":"product_cat-sillas-manuales-activas","8":"first","9":"instock","10":"taxable","11":"shipping-taxable","12":"product-type-simple"},"_links":{"self":[{"href":"https:\/\/somortopedia.es\/index.php?rest_route=\/wp\/v2\/product\/418","targetHints":{"allow":["GET"]}}],"collection":[{"href":"https:\/\/somortopedia.es\/index.php?rest_route=\/wp\/v2\/product"}],"about":[{"href":"https:\/\/somortopedia.es\/index.php?rest_route=\/wp\/v2\/types\/product"}],"replies":[{"embeddable":true,"href":"https:\/\/somortopedia.es\/index.php?rest_route=%2Fwp%2Fv2%2Fcomments&post=418"}],"wp:featuredmedia":[{"embeddable":true,"href":"https:\/\/somortopedia.es\/index.php?rest_route=\/wp\/v2\/media\/621"}],"wp:attachment":[{"href":"https:\/\/somortopedia.es\/index.php?rest_route=%2Fwp%2Fv2%2Fmedia&parent=418"}],"wp:term":[{"taxonomy":"product_brand","embeddable":true,"href":"https:\/\/somortopedia.es\/index.php?rest_route=%2Fwp%2Fv2%2Fproduct_brand&post=418"},{"taxonomy":"product_cat","embeddable":true,"href":"https:\/\/somortopedia.es\/index.php?rest_route=%2Fwp%2Fv2%2Fproduct_cat&post=418"},{"taxonomy":"product_tag","embeddable":true,"href":"https:\/\/somortopedia.es\/index.php?rest_route=%2Fwp%2Fv2%2Fproduct_tag&post=418"}],"curies":[{"name":"wp","href":"https:\/\/api.w.org\/{rel}","templated":true}]}}