{"id":423,"date":"2017-06-27T15:48:28","date_gmt":"2017-06-27T15:48:28","guid":{"rendered":"http:\/\/somortopedia.es\/?post_type=product&#038;p=423"},"modified":"2017-06-27T15:48:28","modified_gmt":"2017-06-27T15:48:28","slug":"bora","status":"publish","type":"product","link":"https:\/\/somortopedia.es\/?product=bora","title":{"rendered":"Bora"},"content":{"rendered":"","protected":false},"excerpt":{"rendered":"<p>Silla el\u00e9ctronica de chasis rigido para uso interior\/exterior. Unidad de asiento est\u00e1ndar f\u00e1cilmente desmontable con respaldo abatible y que se bloquea sobre el asiento. 2 suspensiones traseras.<\/p>\n<p>Motor de 10 Km\/h y ruedas delanteras de talla grande ( 230 x 60 ) antipinchazo como estandard. Ancho total REDUCIDO ( 58 o 61 cm )<\/p>\n<p>3 UNIDAD DE ASIENTO : ESTANDAR, FLEX O FIRME.<\/p>\n<p>\u00c1ngulo de asiento y respaldo regulable manualmente como estandar.( regulaci\u00f3n el\u00e9ctrica opcional ). Almacenamiento de la base motriz en posici\u00f3n vertical. Bater\u00eda de 50 Ah.<\/p>\n<p>Peso m\u00e1ximo del usuario: 130 Kg.<\/p>\n<p>Compacta, desmontable y r\u00e1pida \u00a1 la mejor soluci\u00f3n para una vida activa!<br \/>\nLas reducidas dimensiones y el concepto modular de la nueva Invacare\u00ae Bora\u2122 le llevar\u00e1n all\u00e1 donde<br \/>\nquiera ir y con toda seguridad. Esta silla es \u00fanica tanto por sus resultados de conducci\u00f3n &#8211; con<br \/>\nmotores de hasta 10 km\/h &#8211; como por su f\u00e1cil desmontaje que le permite caber en los maleteros<br \/>\nm\u00e1s peque\u00f1os sin necesidad de utilizar una rampa<\/p>\n","protected":false},"featured_media":210,"comment_status":"open","ping_status":"closed","template":"","meta":[],"product_brand":[],"product_cat":[33],"product_tag":[],"class_list":{"0":"post-423","1":"product","2":"type-product","3":"status-publish","4":"has-post-thumbnail","6":"product_cat-sillas-electricas","8":"first","9":"instock","10":"taxable","11":"shipping-taxable","12":"product-type-simple"},"_links":{"self":[{"href":"https:\/\/somortopedia.es\/index.php?rest_route=\/wp\/v2\/product\/423","targetHints":{"allow":["GET"]}}],"collection":[{"href":"https:\/\/somortopedia.es\/index.php?rest_route=\/wp\/v2\/product"}],"about":[{"href":"https:\/\/somortopedia.es\/index.php?rest_route=\/wp\/v2\/types\/product"}],"replies":[{"embeddable":true,"href":"https:\/\/somortopedia.es\/index.php?rest_route=%2Fwp%2Fv2%2Fcomments&post=423"}],"wp:featuredmedia":[{"embeddable":true,"href":"https:\/\/somortopedia.es\/index.php?rest_route=\/wp\/v2\/media\/210"}],"wp:attachment":[{"href":"https:\/\/somortopedia.es\/index.php?rest_route=%2Fwp%2Fv2%2Fmedia&parent=423"}],"wp:term":[{"taxonomy":"product_brand","embeddable":true,"href":"https:\/\/somortopedia.es\/index.php?rest_route=%2Fwp%2Fv2%2Fproduct_brand&post=423"},{"taxonomy":"product_cat","embeddable":true,"href":"https:\/\/somortopedia.es\/index.php?rest_route=%2Fwp%2Fv2%2Fproduct_cat&post=423"},{"taxonomy":"product_tag","embeddable":true,"href":"https:\/\/somortopedia.es\/index.php?rest_route=%2Fwp%2Fv2%2Fproduct_tag&post=423"}],"curies":[{"name":"wp","href":"https:\/\/api.w.org\/{rel}","templated":true}]}}