{"id":431,"date":"2017-06-27T15:53:22","date_gmt":"2017-06-27T15:53:22","guid":{"rendered":"http:\/\/somortopedia.es\/?post_type=product&#038;p=431"},"modified":"2017-06-27T15:53:22","modified_gmt":"2017-06-27T15:53:22","slug":"ruedas-e-motion-de-alber","status":"publish","type":"product","link":"https:\/\/somortopedia.es\/?product=ruedas-e-motion-de-alber","title":{"rendered":"Ruedas E-motion de Alber"},"content":{"rendered":"","protected":false},"excerpt":{"rendered":"<p>Alber e-motion de alber INVACARE es un dispositivo de propulsi\u00f3n el\u00e9ctrica para silla manual.nuevo modelo con bater\u00edas al LITIO.( doble de autonom\u00eda) Se puede aplicar a la mayor\u00eda de silla de ruedas.<\/p>\n","protected":false},"featured_media":227,"comment_status":"open","ping_status":"closed","template":"","meta":[],"product_brand":[],"product_cat":[33],"product_tag":[],"class_list":{"0":"post-431","1":"product","2":"type-product","3":"status-publish","4":"has-post-thumbnail","6":"product_cat-sillas-electricas","8":"first","9":"instock","10":"taxable","11":"shipping-taxable","12":"product-type-simple"},"_links":{"self":[{"href":"https:\/\/somortopedia.es\/index.php?rest_route=\/wp\/v2\/product\/431","targetHints":{"allow":["GET"]}}],"collection":[{"href":"https:\/\/somortopedia.es\/index.php?rest_route=\/wp\/v2\/product"}],"about":[{"href":"https:\/\/somortopedia.es\/index.php?rest_route=\/wp\/v2\/types\/product"}],"replies":[{"embeddable":true,"href":"https:\/\/somortopedia.es\/index.php?rest_route=%2Fwp%2Fv2%2Fcomments&post=431"}],"wp:featuredmedia":[{"embeddable":true,"href":"https:\/\/somortopedia.es\/index.php?rest_route=\/wp\/v2\/media\/227"}],"wp:attachment":[{"href":"https:\/\/somortopedia.es\/index.php?rest_route=%2Fwp%2Fv2%2Fmedia&parent=431"}],"wp:term":[{"taxonomy":"product_brand","embeddable":true,"href":"https:\/\/somortopedia.es\/index.php?rest_route=%2Fwp%2Fv2%2Fproduct_brand&post=431"},{"taxonomy":"product_cat","embeddable":true,"href":"https:\/\/somortopedia.es\/index.php?rest_route=%2Fwp%2Fv2%2Fproduct_cat&post=431"},{"taxonomy":"product_tag","embeddable":true,"href":"https:\/\/somortopedia.es\/index.php?rest_route=%2Fwp%2Fv2%2Fproduct_tag&post=431"}],"curies":[{"name":"wp","href":"https:\/\/api.w.org\/{rel}","templated":true}]}}