{"id":434,"date":"2017-06-27T15:54:49","date_gmt":"2017-06-27T15:54:49","guid":{"rendered":"http:\/\/somortopedia.es\/?post_type=product&#038;p=434"},"modified":"2017-06-27T15:54:49","modified_gmt":"2017-06-27T15:54:49","slug":"silla-de-ruedas-electrica-de-bipedestacion-otto-bock-xeno","status":"publish","type":"product","link":"https:\/\/somortopedia.es\/?product=silla-de-ruedas-electrica-de-bipedestacion-otto-bock-xeno","title":{"rendered":"Silla de ruedas el\u00e9ctrica de bipedestacion Otto Bock Xeno"},"content":{"rendered":"","protected":false},"excerpt":{"rendered":"<p>Ya sea en el cajero o hablando con amigos: La funci\u00f3n de pie de la silla de ruedas el\u00e9ctrica Xeno le ofrece una gran flexibilidad e independencia en el d\u00eda a d\u00eda. El movimiento cuidadoso desde la posici\u00f3n de asiento hasta la extensi\u00f3n de todo el cuerpo se realiza en 20 segundos. El cambio entre las fases de pie y asiento es favorable para la circulaci\u00f3n, las articulaciones y la digesti\u00f3n, evitando enfermedades posteriores.<\/p>\n<p>El sistema de cinturones y placas le ofrece una sujeci\u00f3n segura y le permite incluso estar de pie durante la marcha. La innovadora direcci\u00f3n de una sola rueda S3 (Single Servo Steering) le garantiza una alta maniobrabilidad y unas cualidades \u00f3ptimas de la marcha, incluso en habitaciones estrechas.<\/p>\n<p>Caracter\u00edsticas:<br \/>\nSilla el\u00e9ctrica con funci\u00f3n de bipedestaci\u00f3n.<br \/>\nM\u00f3dulos electr\u00f3nicos gestionados por sistemas \u00abBUS\u00bb.<br \/>\nAutonom\u00eda aprox. 35 km.<br \/>\nPeso m\u00e1ximo del usuario 136 kg.<br \/>\nElectr\u00f3nica \u00abEnable 50&#8243;.<\/p>\n<p>Opciones Incluidas:<br \/>\nVelocidad 6 km\/h.<br \/>\nBater\u00edas de gel 75Ah.<br \/>\nSoporte de mando abatible en paralelo.<br \/>\nAsiento est\u00e1ndar con coj\u00edn.<br \/>\nReposabrazos regulables en altura y profundidad.<br \/>\nIluminaci\u00f3n completa.<br \/>\nAmortiguaci\u00f3n ruedas accionamiento.<br \/>\nRuedas gu\u00eda 10\u00bb.<br \/>\nCargador.<br \/>\nCintur\u00f3n p\u00e9lvico, tor\u00e1cico, acolchado rodillas.<br \/>\nNeum\u00e1ticos de tacos grises.<br \/>\nReposapi\u00e9s de dos piezas con base de pl\u00e1stico.<\/p>\n","protected":false},"featured_media":350,"comment_status":"open","ping_status":"closed","template":"","meta":[],"product_brand":[],"product_cat":[33],"product_tag":[],"class_list":{"0":"post-434","1":"product","2":"type-product","3":"status-publish","4":"has-post-thumbnail","6":"product_cat-sillas-electricas","8":"first","9":"instock","10":"taxable","11":"shipping-taxable","12":"product-type-simple"},"_links":{"self":[{"href":"https:\/\/somortopedia.es\/index.php?rest_route=\/wp\/v2\/product\/434","targetHints":{"allow":["GET"]}}],"collection":[{"href":"https:\/\/somortopedia.es\/index.php?rest_route=\/wp\/v2\/product"}],"about":[{"href":"https:\/\/somortopedia.es\/index.php?rest_route=\/wp\/v2\/types\/product"}],"replies":[{"embeddable":true,"href":"https:\/\/somortopedia.es\/index.php?rest_route=%2Fwp%2Fv2%2Fcomments&post=434"}],"wp:featuredmedia":[{"embeddable":true,"href":"https:\/\/somortopedia.es\/index.php?rest_route=\/wp\/v2\/media\/350"}],"wp:attachment":[{"href":"https:\/\/somortopedia.es\/index.php?rest_route=%2Fwp%2Fv2%2Fmedia&parent=434"}],"wp:term":[{"taxonomy":"product_brand","embeddable":true,"href":"https:\/\/somortopedia.es\/index.php?rest_route=%2Fwp%2Fv2%2Fproduct_brand&post=434"},{"taxonomy":"product_cat","embeddable":true,"href":"https:\/\/somortopedia.es\/index.php?rest_route=%2Fwp%2Fv2%2Fproduct_cat&post=434"},{"taxonomy":"product_tag","embeddable":true,"href":"https:\/\/somortopedia.es\/index.php?rest_route=%2Fwp%2Fv2%2Fproduct_tag&post=434"}],"curies":[{"name":"wp","href":"https:\/\/api.w.org\/{rel}","templated":true}]}}