{"id":435,"date":"2017-06-27T15:55:21","date_gmt":"2017-06-27T15:55:21","guid":{"rendered":"http:\/\/somortopedia.es\/?post_type=product&#038;p=435"},"modified":"2017-06-27T15:55:21","modified_gmt":"2017-06-27T15:55:21","slug":"storm-4","status":"publish","type":"product","link":"https:\/\/somortopedia.es\/?product=storm-4","title":{"rendered":"Storm 4"},"content":{"rendered":"","protected":false},"excerpt":{"rendered":"<p>Modelo Est\u00e1ndar:<\/p>\n<p>Ancho asiento: 38-53 cm<\/p>\n<p>Profundidad asiento: 38-53 cm<\/p>\n<p>Altura respaldo: 48\/54 cm<\/p>\n<p>Altura total: 97 cm<\/p>\n<p>Respaldo reclinable: 10\u00ba\/0\u00ba\/7,5\u00ba\/15\u00ba\/22,5\u00ba\/30\u00ba<\/p>\n<p>Altura reposabrazos: 25-34\/29 &#8211; 38 cm &lt;p&lt; peso:=\u00bb\u00bb 174=\u00bb\u00bb kg=\u00bb\u00bb &lt;p=\u00bb\u00bb&gt;Elevaci\u00f3n el\u00e9ctrica: 40-65 cm ( como opci\u00f3n )&lt;\/p&lt;&gt;<\/p>\n<p>45 o 48 cm fija de serie<\/p>\n<p>Distancia paleta-placa de asiento: 29-47 cm<\/p>\n<p>Reposapies reclinable: 0\u00ba-25\u00ba<\/p>\n<p>Ancho total: 63cm<\/p>\n<p>Longitud total sin reposapies: 87 cm\/ con reposapies: 110 cm<\/p>\n<p>Longitud reposapies: 49 cm<\/p>\n<p>Radio de giro: sin reposapies 83 cm\/ con reposapies 111 cm<\/p>\n<p>Peso m\u00e1x usuario: 150 Kg<\/p>\n<p>Bater\u00edas: 70 Ah<\/p>\n<p>Altura m\u00e1x bordillo: 6\/10 cm<\/p>\n<p>Pendiente m\u00e1x: 8\u00ba\/14%<\/p>\n<p>Autonom\u00eda: 36 Km<\/p>\n<p>Velocidad: 6 \/10 Km\/h<\/p>\n","protected":false},"featured_media":360,"comment_status":"open","ping_status":"closed","template":"","meta":[],"product_brand":[],"product_cat":[33],"product_tag":[],"class_list":{"0":"post-435","1":"product","2":"type-product","3":"status-publish","4":"has-post-thumbnail","6":"product_cat-sillas-electricas","8":"first","9":"instock","10":"taxable","11":"shipping-taxable","12":"product-type-simple"},"_links":{"self":[{"href":"https:\/\/somortopedia.es\/index.php?rest_route=\/wp\/v2\/product\/435","targetHints":{"allow":["GET"]}}],"collection":[{"href":"https:\/\/somortopedia.es\/index.php?rest_route=\/wp\/v2\/product"}],"about":[{"href":"https:\/\/somortopedia.es\/index.php?rest_route=\/wp\/v2\/types\/product"}],"replies":[{"embeddable":true,"href":"https:\/\/somortopedia.es\/index.php?rest_route=%2Fwp%2Fv2%2Fcomments&post=435"}],"wp:featuredmedia":[{"embeddable":true,"href":"https:\/\/somortopedia.es\/index.php?rest_route=\/wp\/v2\/media\/360"}],"wp:attachment":[{"href":"https:\/\/somortopedia.es\/index.php?rest_route=%2Fwp%2Fv2%2Fmedia&parent=435"}],"wp:term":[{"taxonomy":"product_brand","embeddable":true,"href":"https:\/\/somortopedia.es\/index.php?rest_route=%2Fwp%2Fv2%2Fproduct_brand&post=435"},{"taxonomy":"product_cat","embeddable":true,"href":"https:\/\/somortopedia.es\/index.php?rest_route=%2Fwp%2Fv2%2Fproduct_cat&post=435"},{"taxonomy":"product_tag","embeddable":true,"href":"https:\/\/somortopedia.es\/index.php?rest_route=%2Fwp%2Fv2%2Fproduct_tag&post=435"}],"curies":[{"name":"wp","href":"https:\/\/api.w.org\/{rel}","templated":true}]}}