{"id":437,"date":"2017-06-27T15:56:05","date_gmt":"2017-06-27T15:56:05","guid":{"rendered":"http:\/\/somortopedia.es\/?post_type=product&#038;p=437"},"modified":"2017-06-27T15:56:05","modified_gmt":"2017-06-27T15:56:05","slug":"tango","status":"publish","type":"product","link":"https:\/\/somortopedia.es\/?product=tango","title":{"rendered":"Tango"},"content":{"rendered":"","protected":false},"excerpt":{"rendered":"<p>Quickie Tango es una silla de exterior, que incorpora la configuraci\u00f3n Standard m\u00e1s completa (basculaci\u00f3n y reclinaci\u00f3n manual, asiento ajustable en anchura y profundidad, tapicer\u00eda de respaldo ajustable en tensi\u00f3n y en altura&#8230;) y que adem\u00e1s ofrece la m\u00e1s amplia variedad de opciones manuales y el\u00e9ctricas.<\/p>\n<p>OFERTA HECHA CON SILLA ESTANDAR!!(BASCULACION Y RECLINACI\u00d3N MANUAL)<\/p>\n","protected":false},"featured_media":366,"comment_status":"open","ping_status":"closed","template":"","meta":[],"product_brand":[],"product_cat":[33],"product_tag":[],"class_list":{"0":"post-437","1":"product","2":"type-product","3":"status-publish","4":"has-post-thumbnail","6":"product_cat-sillas-electricas","8":"first","9":"instock","10":"taxable","11":"shipping-taxable","12":"product-type-simple"},"_links":{"self":[{"href":"https:\/\/somortopedia.es\/index.php?rest_route=\/wp\/v2\/product\/437","targetHints":{"allow":["GET"]}}],"collection":[{"href":"https:\/\/somortopedia.es\/index.php?rest_route=\/wp\/v2\/product"}],"about":[{"href":"https:\/\/somortopedia.es\/index.php?rest_route=\/wp\/v2\/types\/product"}],"replies":[{"embeddable":true,"href":"https:\/\/somortopedia.es\/index.php?rest_route=%2Fwp%2Fv2%2Fcomments&post=437"}],"wp:featuredmedia":[{"embeddable":true,"href":"https:\/\/somortopedia.es\/index.php?rest_route=\/wp\/v2\/media\/366"}],"wp:attachment":[{"href":"https:\/\/somortopedia.es\/index.php?rest_route=%2Fwp%2Fv2%2Fmedia&parent=437"}],"wp:term":[{"taxonomy":"product_brand","embeddable":true,"href":"https:\/\/somortopedia.es\/index.php?rest_route=%2Fwp%2Fv2%2Fproduct_brand&post=437"},{"taxonomy":"product_cat","embeddable":true,"href":"https:\/\/somortopedia.es\/index.php?rest_route=%2Fwp%2Fv2%2Fproduct_cat&post=437"},{"taxonomy":"product_tag","embeddable":true,"href":"https:\/\/somortopedia.es\/index.php?rest_route=%2Fwp%2Fv2%2Fproduct_tag&post=437"}],"curies":[{"name":"wp","href":"https:\/\/api.w.org\/{rel}","templated":true}]}}