{"id":442,"date":"2017-06-27T16:02:09","date_gmt":"2017-06-27T16:02:09","guid":{"rendered":"http:\/\/somortopedia.es\/?post_type=product&#038;p=442"},"modified":"2017-06-27T16:02:09","modified_gmt":"2017-06-27T16:02:09","slug":"little-gem","status":"publish","type":"product","link":"https:\/\/somortopedia.es\/?product=little-gem","title":{"rendered":"Little gem"},"content":{"rendered":"","protected":false},"excerpt":{"rendered":"<p>Scooter 4 ruedas Little Gem Scooter de 4 ruedas, compacta y muy manejable. Se desmonta muy f\u00e1cilmente en partes de poco peso para poder transportarla en el maletero a cualquier parte. \u00a1Mu\u00e9vete con total libertad! Sus compactas dimensiones (solo 50 cm de ancho) y su peque\u00f1o radio de giro te permitir\u00e1n moverte con comodidad tanto en interiores como en exteriores.<\/p>\n<p>Sorprendentemente ligera<\/p>\n<p>Una vez desmontado el asiento y retiradas las bater\u00edas, la estructura se separa en dos partes de peso reducido, de forma que la parte m\u00e1s pesada queda en tan solo 11 kg.<\/p>\n<p>&#8211; El manillar, de posici\u00f3n ajustable, es sencillo para facilitar su manejo.<\/p>\n<p>&#8211; Con tan solo tirar de la palanca, el tren trasero se separa del resto de la estrucctura, dividi\u00e9ndose as\u00ed el peso en dos partes muy manejables. &#8211; Peso max. de usuario 113 kg &#8211; Bater\u00edas de 12 Ah Ancho total: 50 cm<\/p>\n","protected":false},"featured_media":338,"comment_status":"open","ping_status":"closed","template":"","meta":[],"product_brand":[],"product_cat":[18],"product_tag":[],"class_list":{"0":"post-442","1":"product","2":"type-product","3":"status-publish","4":"has-post-thumbnail","6":"product_cat-scooters","8":"first","9":"instock","10":"taxable","11":"shipping-taxable","12":"product-type-simple"},"_links":{"self":[{"href":"https:\/\/somortopedia.es\/index.php?rest_route=\/wp\/v2\/product\/442","targetHints":{"allow":["GET"]}}],"collection":[{"href":"https:\/\/somortopedia.es\/index.php?rest_route=\/wp\/v2\/product"}],"about":[{"href":"https:\/\/somortopedia.es\/index.php?rest_route=\/wp\/v2\/types\/product"}],"replies":[{"embeddable":true,"href":"https:\/\/somortopedia.es\/index.php?rest_route=%2Fwp%2Fv2%2Fcomments&post=442"}],"wp:featuredmedia":[{"embeddable":true,"href":"https:\/\/somortopedia.es\/index.php?rest_route=\/wp\/v2\/media\/338"}],"wp:attachment":[{"href":"https:\/\/somortopedia.es\/index.php?rest_route=%2Fwp%2Fv2%2Fmedia&parent=442"}],"wp:term":[{"taxonomy":"product_brand","embeddable":true,"href":"https:\/\/somortopedia.es\/index.php?rest_route=%2Fwp%2Fv2%2Fproduct_brand&post=442"},{"taxonomy":"product_cat","embeddable":true,"href":"https:\/\/somortopedia.es\/index.php?rest_route=%2Fwp%2Fv2%2Fproduct_cat&post=442"},{"taxonomy":"product_tag","embeddable":true,"href":"https:\/\/somortopedia.es\/index.php?rest_route=%2Fwp%2Fv2%2Fproduct_tag&post=442"}],"curies":[{"name":"wp","href":"https:\/\/api.w.org\/{rel}","templated":true}]}}