{"id":445,"date":"2017-06-27T16:03:42","date_gmt":"2017-06-27T16:03:42","guid":{"rendered":"http:\/\/somortopedia.es\/?post_type=product&#038;p=445"},"modified":"2017-06-27T16:03:43","modified_gmt":"2017-06-27T16:03:43","slug":"pearl","status":"publish","type":"product","link":"https:\/\/somortopedia.es\/?product=pearl","title":{"rendered":"Pearl"},"content":{"rendered":"","protected":false},"excerpt":{"rendered":"<p>Scooter 4 ruedas Pearl Sunrise Medical<\/p>\n<p>Sterling Pearl es una scooter de cuatro ruedas, f\u00e1cilmente desmontable con una gran autonom\u00eda. Se desmonta en partes de poco peso para llevarla c\u00f3modamente en el maletero del coche, a cualquier parte.<\/p>\n<p>El asiento acochado, y giratorio 360\u00ba, ofrece al usuario una gran comodidad.<\/p>\n<p>Los reposabrazos son abatibles y regulables en anchura. Manillar ajustable La posici\u00f3n del manillar se puede ajustar para adaptarse a la postura m\u00e1s comoda para el usuario.<\/p>\n<p>Ancho total: 56cm Colores: Rojo<\/p>\n","protected":false},"featured_media":0,"comment_status":"open","ping_status":"closed","template":"","meta":[],"product_brand":[],"product_cat":[18],"product_tag":[],"class_list":{"0":"post-445","1":"product","2":"type-product","3":"status-publish","5":"product_cat-scooters","7":"first","8":"instock","9":"taxable","10":"shipping-taxable","11":"product-type-simple"},"_links":{"self":[{"href":"https:\/\/somortopedia.es\/index.php?rest_route=\/wp\/v2\/product\/445","targetHints":{"allow":["GET"]}}],"collection":[{"href":"https:\/\/somortopedia.es\/index.php?rest_route=\/wp\/v2\/product"}],"about":[{"href":"https:\/\/somortopedia.es\/index.php?rest_route=\/wp\/v2\/types\/product"}],"replies":[{"embeddable":true,"href":"https:\/\/somortopedia.es\/index.php?rest_route=%2Fwp%2Fv2%2Fcomments&post=445"}],"wp:attachment":[{"href":"https:\/\/somortopedia.es\/index.php?rest_route=%2Fwp%2Fv2%2Fmedia&parent=445"}],"wp:term":[{"taxonomy":"product_brand","embeddable":true,"href":"https:\/\/somortopedia.es\/index.php?rest_route=%2Fwp%2Fv2%2Fproduct_brand&post=445"},{"taxonomy":"product_cat","embeddable":true,"href":"https:\/\/somortopedia.es\/index.php?rest_route=%2Fwp%2Fv2%2Fproduct_cat&post=445"},{"taxonomy":"product_tag","embeddable":true,"href":"https:\/\/somortopedia.es\/index.php?rest_route=%2Fwp%2Fv2%2Fproduct_tag&post=445"}],"curies":[{"name":"wp","href":"https:\/\/api.w.org\/{rel}","templated":true}]}}