{"id":454,"date":"2017-06-27T16:11:21","date_gmt":"2017-06-27T16:11:21","guid":{"rendered":"http:\/\/somortopedia.es\/?post_type=product&#038;p=454"},"modified":"2017-06-27T16:11:21","modified_gmt":"2017-06-27T16:11:21","slug":"zippie-ts-plegable","status":"publish","type":"product","link":"https:\/\/somortopedia.es\/?product=zippie-ts-plegable","title":{"rendered":"Zippie ts plegable"},"content":{"rendered":"","protected":false},"excerpt":{"rendered":"<p>La silla infantil Zippie TS reune las ventajas cl\u00ednicas de la basculaci\u00f3n (hasta 45\u00ba), y la comodidad del plegado m\u00e1s compacto. Gracias a su estructura plegable, a sus ruedas traseras con desmontaje r\u00e1pido y a los tubos del respaldo plegables hacia delante, queda reducida a unas dimensiones tan peque\u00f1as que se puede transportar f\u00e1cilmente en el maletero de un coche<\/p>\n","protected":false},"featured_media":274,"comment_status":"open","ping_status":"closed","template":"","meta":[],"product_brand":[],"product_cat":[40],"product_tag":[],"class_list":{"0":"post-454","1":"product","2":"type-product","3":"status-publish","4":"has-post-thumbnail","6":"product_cat-ninospediatria","8":"first","9":"instock","10":"taxable","11":"shipping-taxable","12":"product-type-simple"},"_links":{"self":[{"href":"https:\/\/somortopedia.es\/index.php?rest_route=\/wp\/v2\/product\/454","targetHints":{"allow":["GET"]}}],"collection":[{"href":"https:\/\/somortopedia.es\/index.php?rest_route=\/wp\/v2\/product"}],"about":[{"href":"https:\/\/somortopedia.es\/index.php?rest_route=\/wp\/v2\/types\/product"}],"replies":[{"embeddable":true,"href":"https:\/\/somortopedia.es\/index.php?rest_route=%2Fwp%2Fv2%2Fcomments&post=454"}],"wp:featuredmedia":[{"embeddable":true,"href":"https:\/\/somortopedia.es\/index.php?rest_route=\/wp\/v2\/media\/274"}],"wp:attachment":[{"href":"https:\/\/somortopedia.es\/index.php?rest_route=%2Fwp%2Fv2%2Fmedia&parent=454"}],"wp:term":[{"taxonomy":"product_brand","embeddable":true,"href":"https:\/\/somortopedia.es\/index.php?rest_route=%2Fwp%2Fv2%2Fproduct_brand&post=454"},{"taxonomy":"product_cat","embeddable":true,"href":"https:\/\/somortopedia.es\/index.php?rest_route=%2Fwp%2Fv2%2Fproduct_cat&post=454"},{"taxonomy":"product_tag","embeddable":true,"href":"https:\/\/somortopedia.es\/index.php?rest_route=%2Fwp%2Fv2%2Fproduct_tag&post=454"}],"curies":[{"name":"wp","href":"https:\/\/api.w.org\/{rel}","templated":true}]}}