{"id":456,"date":"2017-06-27T16:12:32","date_gmt":"2017-06-27T16:12:32","guid":{"rendered":"http:\/\/somortopedia.es\/?post_type=product&#038;p=456"},"modified":"2017-06-27T16:12:32","modified_gmt":"2017-06-27T16:12:32","slug":"zippie-simba","status":"publish","type":"product","link":"https:\/\/somortopedia.es\/?product=zippie-simba","title":{"rendered":"Zippie\u00ae Simba"},"content":{"rendered":"","protected":false},"excerpt":{"rendered":"<p>Simba es una silla de aluminio para ni\u00f1os autopropulsable, que ofrece una maniobrabilidad excepcional gracias a su armaz\u00f3n r\u00edgido. Con una est\u00e9tica de silla activa, un peso reducido y numerosas opciones de personalizaci\u00f3n: colores de armaz\u00f3n, protectores de radios. Adem\u00e1s permite realizar ajustes para adaptar la silla al crecimiento del ni\u00f1o.<\/p>\n","protected":false},"featured_media":276,"comment_status":"open","ping_status":"closed","template":"","meta":[],"product_brand":[],"product_cat":[40],"product_tag":[],"class_list":{"0":"post-456","1":"product","2":"type-product","3":"status-publish","4":"has-post-thumbnail","6":"product_cat-ninospediatria","8":"first","9":"instock","10":"taxable","11":"shipping-taxable","12":"product-type-simple"},"_links":{"self":[{"href":"https:\/\/somortopedia.es\/index.php?rest_route=\/wp\/v2\/product\/456","targetHints":{"allow":["GET"]}}],"collection":[{"href":"https:\/\/somortopedia.es\/index.php?rest_route=\/wp\/v2\/product"}],"about":[{"href":"https:\/\/somortopedia.es\/index.php?rest_route=\/wp\/v2\/types\/product"}],"replies":[{"embeddable":true,"href":"https:\/\/somortopedia.es\/index.php?rest_route=%2Fwp%2Fv2%2Fcomments&post=456"}],"wp:featuredmedia":[{"embeddable":true,"href":"https:\/\/somortopedia.es\/index.php?rest_route=\/wp\/v2\/media\/276"}],"wp:attachment":[{"href":"https:\/\/somortopedia.es\/index.php?rest_route=%2Fwp%2Fv2%2Fmedia&parent=456"}],"wp:term":[{"taxonomy":"product_brand","embeddable":true,"href":"https:\/\/somortopedia.es\/index.php?rest_route=%2Fwp%2Fv2%2Fproduct_brand&post=456"},{"taxonomy":"product_cat","embeddable":true,"href":"https:\/\/somortopedia.es\/index.php?rest_route=%2Fwp%2Fv2%2Fproduct_cat&post=456"},{"taxonomy":"product_tag","embeddable":true,"href":"https:\/\/somortopedia.es\/index.php?rest_route=%2Fwp%2Fv2%2Fproduct_tag&post=456"}],"curies":[{"name":"wp","href":"https:\/\/api.w.org\/{rel}","templated":true}]}}