{"id":458,"date":"2017-06-27T16:20:06","date_gmt":"2017-06-27T16:20:06","guid":{"rendered":"http:\/\/somortopedia.es\/?post_type=product&#038;p=458"},"modified":"2017-06-27T16:20:06","modified_gmt":"2017-06-27T16:20:06","slug":"asidera-frida","status":"publish","type":"product","link":"https:\/\/somortopedia.es\/?product=asidera-frida","title":{"rendered":"Asidera Frida"},"content":{"rendered":"","protected":false},"excerpt":{"rendered":"<p>Asidera barandilla de cama, de tacto c\u00e1lido que ayuda a mantener el equilibrio cuando se est\u00e1 junto a la cama y da confianza y estabilidad para entrar y salir de la cama. Se asegura f\u00e1cilmente al somier con las cinchas incluidas, quedando debajo del colch\u00f3n. Largo de la base 67 cm. Ancho de la base 50 cm. Altura de la asidera graduable de 42 a 53 cm. Peso m\u00e1ximo recomendado 100 Kg.<\/p>\n","protected":false},"featured_media":252,"comment_status":"open","ping_status":"closed","template":"","meta":[],"product_brand":[],"product_cat":[24],"product_tag":[],"class_list":{"0":"post-458","1":"product","2":"type-product","3":"status-publish","4":"has-post-thumbnail","6":"product_cat-camas-varios","8":"first","9":"instock","10":"taxable","11":"shipping-taxable","12":"product-type-simple"},"_links":{"self":[{"href":"https:\/\/somortopedia.es\/index.php?rest_route=\/wp\/v2\/product\/458","targetHints":{"allow":["GET"]}}],"collection":[{"href":"https:\/\/somortopedia.es\/index.php?rest_route=\/wp\/v2\/product"}],"about":[{"href":"https:\/\/somortopedia.es\/index.php?rest_route=\/wp\/v2\/types\/product"}],"replies":[{"embeddable":true,"href":"https:\/\/somortopedia.es\/index.php?rest_route=%2Fwp%2Fv2%2Fcomments&post=458"}],"wp:featuredmedia":[{"embeddable":true,"href":"https:\/\/somortopedia.es\/index.php?rest_route=\/wp\/v2\/media\/252"}],"wp:attachment":[{"href":"https:\/\/somortopedia.es\/index.php?rest_route=%2Fwp%2Fv2%2Fmedia&parent=458"}],"wp:term":[{"taxonomy":"product_brand","embeddable":true,"href":"https:\/\/somortopedia.es\/index.php?rest_route=%2Fwp%2Fv2%2Fproduct_brand&post=458"},{"taxonomy":"product_cat","embeddable":true,"href":"https:\/\/somortopedia.es\/index.php?rest_route=%2Fwp%2Fv2%2Fproduct_cat&post=458"},{"taxonomy":"product_tag","embeddable":true,"href":"https:\/\/somortopedia.es\/index.php?rest_route=%2Fwp%2Fv2%2Fproduct_tag&post=458"}],"curies":[{"name":"wp","href":"https:\/\/api.w.org\/{rel}","templated":true}]}}