{"id":466,"date":"2017-06-27T16:24:23","date_gmt":"2017-06-27T16:24:23","guid":{"rendered":"http:\/\/somortopedia.es\/?post_type=product&#038;p=466"},"modified":"2017-06-27T16:24:23","modified_gmt":"2017-06-27T16:24:23","slug":"cinturon-con-cierre-magnetico","status":"publish","type":"product","link":"https:\/\/somortopedia.es\/?product=cinturon-con-cierre-magnetico","title":{"rendered":"Cinturon con cierre magnetico"},"content":{"rendered":"","protected":false},"excerpt":{"rendered":"<p>Sistema indicado para limitar los movimientos de personas encamadas seg\u00fan las necesidades particulares de cada caso, para evitar las ca\u00eddas y tambi\u00e9n las autolesiones en personas con agitaci\u00f3n nerviosa. El bot\u00f3n de cierre es de colocaci\u00f3n r\u00e1pida. Queda inmediatamente cerrado tan pronto como se inserta en el v\u00e1stago met\u00e1lico. S\u00f3lo se puede abrir con la llave magn\u00e9tica, asi se impide la apertura incontrolada de las sujeciones por la manipulaci\u00f3n del paciente o por personas no autorizadas. Cintur\u00f3n de sujeci\u00f3n abdominal con sistema de desplazamiento controlado. Permite controlar y limitar los giros hacia ambos lados, incorporarse parcialmente y sentarse en la cama sin riesgo de caerse. Bandas de sujeci\u00f3n laterales incluidas. Di\u00e1metro regulable L de 105 a 145 cm. Di\u00e1metro regulable M de 70 a 110 cm. Di\u00e1metro regulable S de 45 a 75 cm. Incluye dos cierres y dos llaves magn\u00e9ticas.<\/p>\n","protected":false},"featured_media":254,"comment_status":"open","ping_status":"closed","template":"","meta":[],"product_brand":[],"product_cat":[24],"product_tag":[],"class_list":{"0":"post-466","1":"product","2":"type-product","3":"status-publish","4":"has-post-thumbnail","6":"product_cat-camas-varios","8":"first","9":"instock","10":"taxable","11":"shipping-taxable","12":"product-type-simple"},"_links":{"self":[{"href":"https:\/\/somortopedia.es\/index.php?rest_route=\/wp\/v2\/product\/466","targetHints":{"allow":["GET"]}}],"collection":[{"href":"https:\/\/somortopedia.es\/index.php?rest_route=\/wp\/v2\/product"}],"about":[{"href":"https:\/\/somortopedia.es\/index.php?rest_route=\/wp\/v2\/types\/product"}],"replies":[{"embeddable":true,"href":"https:\/\/somortopedia.es\/index.php?rest_route=%2Fwp%2Fv2%2Fcomments&post=466"}],"wp:featuredmedia":[{"embeddable":true,"href":"https:\/\/somortopedia.es\/index.php?rest_route=\/wp\/v2\/media\/254"}],"wp:attachment":[{"href":"https:\/\/somortopedia.es\/index.php?rest_route=%2Fwp%2Fv2%2Fmedia&parent=466"}],"wp:term":[{"taxonomy":"product_brand","embeddable":true,"href":"https:\/\/somortopedia.es\/index.php?rest_route=%2Fwp%2Fv2%2Fproduct_brand&post=466"},{"taxonomy":"product_cat","embeddable":true,"href":"https:\/\/somortopedia.es\/index.php?rest_route=%2Fwp%2Fv2%2Fproduct_cat&post=466"},{"taxonomy":"product_tag","embeddable":true,"href":"https:\/\/somortopedia.es\/index.php?rest_route=%2Fwp%2Fv2%2Fproduct_tag&post=466"}],"curies":[{"name":"wp","href":"https:\/\/api.w.org\/{rel}","templated":true}]}}