{"id":469,"date":"2017-06-27T16:25:49","date_gmt":"2017-06-27T16:25:49","guid":{"rendered":"http:\/\/somortopedia.es\/?post_type=product&#038;p=469"},"modified":"2017-06-27T16:25:49","modified_gmt":"2017-06-27T16:25:49","slug":"munequeras-con-cierre-iman","status":"publish","type":"product","link":"https:\/\/somortopedia.es\/?product=munequeras-con-cierre-iman","title":{"rendered":"Mu\u00f1equeras con cierre iman"},"content":{"rendered":"","protected":false},"excerpt":{"rendered":"<p>Sistema indicado para limitar los movimientos de personas encamadas seg\u00fan las necesidades particulares de cada caso, para evitar las ca\u00eddas y tambi\u00e9n las autolesiones en personas con agitaci\u00f3n nerviosa. El bot\u00f3n de cierre es de colocaci\u00f3n r\u00e1pida. Queda inmediatamente cerrado tan pronto como se inserta en el v\u00e1stago met\u00e1lico. S\u00f3lo se puede abrir con la llave magn\u00e9tica, asi se impide la apertura incontrolada de las sujeciones por la manipulaci\u00f3n del paciente o por personas no autorizadas. Cinchas que permiten sujetar una o ambas manos. Muy f\u00e1ciles de colocar, la parte inferior se fija a la cama o camilla. Incluye dos cierres y dos llaves magn\u00e9ticas<\/p>\n","protected":false},"featured_media":255,"comment_status":"open","ping_status":"closed","template":"","meta":[],"product_brand":[],"product_cat":[24],"product_tag":[],"class_list":{"0":"post-469","1":"product","2":"type-product","3":"status-publish","4":"has-post-thumbnail","6":"product_cat-camas-varios","8":"first","9":"instock","10":"taxable","11":"shipping-taxable","12":"product-type-simple"},"_links":{"self":[{"href":"https:\/\/somortopedia.es\/index.php?rest_route=\/wp\/v2\/product\/469","targetHints":{"allow":["GET"]}}],"collection":[{"href":"https:\/\/somortopedia.es\/index.php?rest_route=\/wp\/v2\/product"}],"about":[{"href":"https:\/\/somortopedia.es\/index.php?rest_route=\/wp\/v2\/types\/product"}],"replies":[{"embeddable":true,"href":"https:\/\/somortopedia.es\/index.php?rest_route=%2Fwp%2Fv2%2Fcomments&post=469"}],"wp:featuredmedia":[{"embeddable":true,"href":"https:\/\/somortopedia.es\/index.php?rest_route=\/wp\/v2\/media\/255"}],"wp:attachment":[{"href":"https:\/\/somortopedia.es\/index.php?rest_route=%2Fwp%2Fv2%2Fmedia&parent=469"}],"wp:term":[{"taxonomy":"product_brand","embeddable":true,"href":"https:\/\/somortopedia.es\/index.php?rest_route=%2Fwp%2Fv2%2Fproduct_brand&post=469"},{"taxonomy":"product_cat","embeddable":true,"href":"https:\/\/somortopedia.es\/index.php?rest_route=%2Fwp%2Fv2%2Fproduct_cat&post=469"},{"taxonomy":"product_tag","embeddable":true,"href":"https:\/\/somortopedia.es\/index.php?rest_route=%2Fwp%2Fv2%2Fproduct_tag&post=469"}],"curies":[{"name":"wp","href":"https:\/\/api.w.org\/{rel}","templated":true}]}}