{"id":470,"date":"2017-06-27T16:26:14","date_gmt":"2017-06-27T16:26:14","guid":{"rendered":"http:\/\/somortopedia.es\/?post_type=product&#038;p=470"},"modified":"2017-06-27T16:26:14","modified_gmt":"2017-06-27T16:26:14","slug":"protector-barandillas","status":"publish","type":"product","link":"https:\/\/somortopedia.es\/?product=protector-barandillas","title":{"rendered":"Protector barandillas"},"content":{"rendered":"","protected":false},"excerpt":{"rendered":"<p>Protector acolchado para barandillas de cama. Protege al paciente de golpes contra la barandilla e impide introducir los brazos o las piernas entre las barras. Fabricado en espuma de alta densidad forrado con tapicer\u00eda ign\u00edfuga y lavable. Sujeci\u00f3n por 4 cintas con dispositivo de cierre r\u00e1pido y ajustable. El protector debe retirarse antes de bajar la barandilla. Medidas: 140 x 35 x 3 cm.<\/p>\n","protected":false},"featured_media":258,"comment_status":"open","ping_status":"closed","template":"","meta":[],"product_brand":[],"product_cat":[24],"product_tag":[],"class_list":{"0":"post-470","1":"product","2":"type-product","3":"status-publish","4":"has-post-thumbnail","6":"product_cat-camas-varios","8":"first","9":"instock","10":"taxable","11":"shipping-taxable","12":"product-type-simple"},"_links":{"self":[{"href":"https:\/\/somortopedia.es\/index.php?rest_route=\/wp\/v2\/product\/470","targetHints":{"allow":["GET"]}}],"collection":[{"href":"https:\/\/somortopedia.es\/index.php?rest_route=\/wp\/v2\/product"}],"about":[{"href":"https:\/\/somortopedia.es\/index.php?rest_route=\/wp\/v2\/types\/product"}],"replies":[{"embeddable":true,"href":"https:\/\/somortopedia.es\/index.php?rest_route=%2Fwp%2Fv2%2Fcomments&post=470"}],"wp:featuredmedia":[{"embeddable":true,"href":"https:\/\/somortopedia.es\/index.php?rest_route=\/wp\/v2\/media\/258"}],"wp:attachment":[{"href":"https:\/\/somortopedia.es\/index.php?rest_route=%2Fwp%2Fv2%2Fmedia&parent=470"}],"wp:term":[{"taxonomy":"product_brand","embeddable":true,"href":"https:\/\/somortopedia.es\/index.php?rest_route=%2Fwp%2Fv2%2Fproduct_brand&post=470"},{"taxonomy":"product_cat","embeddable":true,"href":"https:\/\/somortopedia.es\/index.php?rest_route=%2Fwp%2Fv2%2Fproduct_cat&post=470"},{"taxonomy":"product_tag","embeddable":true,"href":"https:\/\/somortopedia.es\/index.php?rest_route=%2Fwp%2Fv2%2Fproduct_tag&post=470"}],"curies":[{"name":"wp","href":"https:\/\/api.w.org\/{rel}","templated":true}]}}