{"id":473,"date":"2017-06-27T16:28:31","date_gmt":"2017-06-27T16:28:31","guid":{"rendered":"http:\/\/somortopedia.es\/?post_type=product&#038;p=473"},"modified":"2017-06-27T16:28:31","modified_gmt":"2017-06-27T16:28:31","slug":"reposacabezas-whitmyer","status":"publish","type":"product","link":"https:\/\/somortopedia.es\/?product=reposacabezas-whitmyer","title":{"rendered":"Reposacabezas Whitmyer"},"content":{"rendered":"","protected":false},"excerpt":{"rendered":"<p>Una amplia gama de almohadillas, y 4 brazos de montaje diferentes (perfectamente combinables con cualquiera de las almohadillas) la gama de reposacabezas Whitmyer ofrece una soluci\u00f3n completa a las necesidades de posicionamiento de la columna cervical y cabeza, desde las necesidades m\u00e1s b\u00e1sicas a las m\u00e1s complejas. La gama ofrece un amplio tallaje y una gran variedad de accesorios para un posicionamiento a medida del paciente.<\/p>\n","protected":false},"featured_media":375,"comment_status":"open","ping_status":"closed","template":"","meta":[],"product_brand":[],"product_cat":[23],"product_tag":[],"class_list":{"0":"post-473","1":"product","2":"type-product","3":"status-publish","4":"has-post-thumbnail","6":"product_cat-antiescaras-posicionamiento","8":"first","9":"instock","10":"taxable","11":"shipping-taxable","12":"product-type-simple"},"_links":{"self":[{"href":"https:\/\/somortopedia.es\/index.php?rest_route=\/wp\/v2\/product\/473","targetHints":{"allow":["GET"]}}],"collection":[{"href":"https:\/\/somortopedia.es\/index.php?rest_route=\/wp\/v2\/product"}],"about":[{"href":"https:\/\/somortopedia.es\/index.php?rest_route=\/wp\/v2\/types\/product"}],"replies":[{"embeddable":true,"href":"https:\/\/somortopedia.es\/index.php?rest_route=%2Fwp%2Fv2%2Fcomments&post=473"}],"wp:featuredmedia":[{"embeddable":true,"href":"https:\/\/somortopedia.es\/index.php?rest_route=\/wp\/v2\/media\/375"}],"wp:attachment":[{"href":"https:\/\/somortopedia.es\/index.php?rest_route=%2Fwp%2Fv2%2Fmedia&parent=473"}],"wp:term":[{"taxonomy":"product_brand","embeddable":true,"href":"https:\/\/somortopedia.es\/index.php?rest_route=%2Fwp%2Fv2%2Fproduct_brand&post=473"},{"taxonomy":"product_cat","embeddable":true,"href":"https:\/\/somortopedia.es\/index.php?rest_route=%2Fwp%2Fv2%2Fproduct_cat&post=473"},{"taxonomy":"product_tag","embeddable":true,"href":"https:\/\/somortopedia.es\/index.php?rest_route=%2Fwp%2Fv2%2Fproduct_tag&post=473"}],"curies":[{"name":"wp","href":"https:\/\/api.w.org\/{rel}","templated":true}]}}