{"id":474,"date":"2017-06-27T16:29:00","date_gmt":"2017-06-27T16:29:00","guid":{"rendered":"http:\/\/somortopedia.es\/?post_type=product&#038;p=474"},"modified":"2017-06-27T16:29:00","modified_gmt":"2017-06-27T16:29:00","slug":"respaldo-jay-3","status":"publish","type":"product","link":"https:\/\/somortopedia.es\/?product=respaldo-jay-3","title":{"rendered":"Respaldo Jay 3"},"content":{"rendered":"","protected":false},"excerpt":{"rendered":"<p>La gama de respaldos Jay 3 ofrece una amplia variedad de formas y tama\u00f1os para ajustarse a las diferentes necesidades del usuario. Seleccionando el contorno, nivel de soporte, anchura y altura de la carcasa, proporciona un soporte \u00f3ptimo y posicionamiento a la mayor\u00eda de los usuarios. Gracias a su sistema de anclajes, resulta muy f\u00e1cil de instalar y ajustar por el profesional, as\u00ed como sencillo de retirar y acoplar para el usuario. Adem\u00e1s, ofrece m\u00faltiples ajustes en anchura, \u00e1ngulo y profundidad.<\/p>\n","protected":false},"featured_media":376,"comment_status":"open","ping_status":"closed","template":"","meta":[],"product_brand":[],"product_cat":[23],"product_tag":[],"class_list":{"0":"post-474","1":"product","2":"type-product","3":"status-publish","4":"has-post-thumbnail","6":"product_cat-antiescaras-posicionamiento","8":"first","9":"instock","10":"taxable","11":"shipping-taxable","12":"product-type-simple"},"_links":{"self":[{"href":"https:\/\/somortopedia.es\/index.php?rest_route=\/wp\/v2\/product\/474","targetHints":{"allow":["GET"]}}],"collection":[{"href":"https:\/\/somortopedia.es\/index.php?rest_route=\/wp\/v2\/product"}],"about":[{"href":"https:\/\/somortopedia.es\/index.php?rest_route=\/wp\/v2\/types\/product"}],"replies":[{"embeddable":true,"href":"https:\/\/somortopedia.es\/index.php?rest_route=%2Fwp%2Fv2%2Fcomments&post=474"}],"wp:featuredmedia":[{"embeddable":true,"href":"https:\/\/somortopedia.es\/index.php?rest_route=\/wp\/v2\/media\/376"}],"wp:attachment":[{"href":"https:\/\/somortopedia.es\/index.php?rest_route=%2Fwp%2Fv2%2Fmedia&parent=474"}],"wp:term":[{"taxonomy":"product_brand","embeddable":true,"href":"https:\/\/somortopedia.es\/index.php?rest_route=%2Fwp%2Fv2%2Fproduct_brand&post=474"},{"taxonomy":"product_cat","embeddable":true,"href":"https:\/\/somortopedia.es\/index.php?rest_route=%2Fwp%2Fv2%2Fproduct_cat&post=474"},{"taxonomy":"product_tag","embeddable":true,"href":"https:\/\/somortopedia.es\/index.php?rest_route=%2Fwp%2Fv2%2Fproduct_tag&post=474"}],"curies":[{"name":"wp","href":"https:\/\/api.w.org\/{rel}","templated":true}]}}