{"id":483,"date":"2017-06-27T16:41:36","date_gmt":"2017-06-27T16:41:36","guid":{"rendered":"http:\/\/somortopedia.es\/?post_type=product&#038;p=483"},"modified":"2017-06-27T16:41:37","modified_gmt":"2017-06-27T16:41:37","slug":"birdie","status":"publish","type":"product","link":"https:\/\/somortopedia.es\/?product=birdie","title":{"rendered":"Birdie"},"content":{"rendered":"","protected":false},"excerpt":{"rendered":"<p><span id=\"productPrices\" class=\"productGeneral\"><span class=\"productSpecialPrice\">992.00\u00a0 \u20ac*<\/span><span class=\"productPriceDiscount\"><br \/>\nAhorre:\u00a0% descuento<\/span><\/span><\/p>\n<div id=\"productDescription\" class=\"productGeneral biggerText\">La gr\u00faa BIRDIE ofrece una elevaci\u00f3n y transferencia desde la cama, silla o incluso desde el suelo, m\u00e1s c\u00f3moda. Las gr\u00faas est\u00e1n dise\u00f1adas para asegurar plegado, montaje e incluso desmontaje en dos partes, con facilidad y sin necesidad de herramientas.Con arnes incluido<\/p>\n<p>Maximiza el espacio para el usuario incluso cuando la gr\u00faa est\u00e1 en su posici\u00f3n m\u00e1s alta, esto permite elevaciones y transferencias confortables. La percha gira 360\u00ba para mayor comodidad tanto del usuario como del cuidador al utilizar la gr\u00faa para realizar movimientos. Peso m\u00e1ximo usuario: 170 kg.<\/p><\/div>\n","protected":false},"featured_media":260,"comment_status":"open","ping_status":"closed","template":"","meta":[],"product_brand":[],"product_cat":[37],"product_tag":[],"class_list":{"0":"post-483","1":"product","2":"type-product","3":"status-publish","4":"has-post-thumbnail","6":"product_cat-gruas","8":"first","9":"instock","10":"taxable","11":"shipping-taxable","12":"product-type-simple"},"_links":{"self":[{"href":"https:\/\/somortopedia.es\/index.php?rest_route=\/wp\/v2\/product\/483","targetHints":{"allow":["GET"]}}],"collection":[{"href":"https:\/\/somortopedia.es\/index.php?rest_route=\/wp\/v2\/product"}],"about":[{"href":"https:\/\/somortopedia.es\/index.php?rest_route=\/wp\/v2\/types\/product"}],"replies":[{"embeddable":true,"href":"https:\/\/somortopedia.es\/index.php?rest_route=%2Fwp%2Fv2%2Fcomments&post=483"}],"wp:featuredmedia":[{"embeddable":true,"href":"https:\/\/somortopedia.es\/index.php?rest_route=\/wp\/v2\/media\/260"}],"wp:attachment":[{"href":"https:\/\/somortopedia.es\/index.php?rest_route=%2Fwp%2Fv2%2Fmedia&parent=483"}],"wp:term":[{"taxonomy":"product_brand","embeddable":true,"href":"https:\/\/somortopedia.es\/index.php?rest_route=%2Fwp%2Fv2%2Fproduct_brand&post=483"},{"taxonomy":"product_cat","embeddable":true,"href":"https:\/\/somortopedia.es\/index.php?rest_route=%2Fwp%2Fv2%2Fproduct_cat&post=483"},{"taxonomy":"product_tag","embeddable":true,"href":"https:\/\/somortopedia.es\/index.php?rest_route=%2Fwp%2Fv2%2Fproduct_tag&post=483"}],"curies":[{"name":"wp","href":"https:\/\/api.w.org\/{rel}","templated":true}]}}