{"id":486,"date":"2017-06-27T16:42:57","date_gmt":"2017-06-27T16:42:57","guid":{"rendered":"http:\/\/somortopedia.es\/?post_type=product&#038;p=486"},"modified":"2017-06-27T16:42:57","modified_gmt":"2017-06-27T16:42:57","slug":"oxford-journey","status":"publish","type":"product","link":"https:\/\/somortopedia.es\/?product=oxford-journey","title":{"rendered":"Oxford Journey"},"content":{"rendered":"","protected":false},"excerpt":{"rendered":"<p>Gr\u00faa el\u00e9ctrica de Bipedestaci\u00f3n, fabricada en aluminio. Plegable.<br \/>\n\u00c1gil, compacta y muy f\u00e1cil de manejar.<br \/>\nLa gr\u00faa Journey permite transferir al paciente f\u00e1cilmente.<br \/>\nV\u00e1lida para una carga m\u00e1xima de hasta 155 kg.<\/p>\n","protected":false},"featured_media":313,"comment_status":"open","ping_status":"closed","template":"","meta":[],"product_brand":[],"product_cat":[37],"product_tag":[],"class_list":{"0":"post-486","1":"product","2":"type-product","3":"status-publish","4":"has-post-thumbnail","6":"product_cat-gruas","8":"first","9":"instock","10":"taxable","11":"shipping-taxable","12":"product-type-simple"},"_links":{"self":[{"href":"https:\/\/somortopedia.es\/index.php?rest_route=\/wp\/v2\/product\/486","targetHints":{"allow":["GET"]}}],"collection":[{"href":"https:\/\/somortopedia.es\/index.php?rest_route=\/wp\/v2\/product"}],"about":[{"href":"https:\/\/somortopedia.es\/index.php?rest_route=\/wp\/v2\/types\/product"}],"replies":[{"embeddable":true,"href":"https:\/\/somortopedia.es\/index.php?rest_route=%2Fwp%2Fv2%2Fcomments&post=486"}],"wp:featuredmedia":[{"embeddable":true,"href":"https:\/\/somortopedia.es\/index.php?rest_route=\/wp\/v2\/media\/313"}],"wp:attachment":[{"href":"https:\/\/somortopedia.es\/index.php?rest_route=%2Fwp%2Fv2%2Fmedia&parent=486"}],"wp:term":[{"taxonomy":"product_brand","embeddable":true,"href":"https:\/\/somortopedia.es\/index.php?rest_route=%2Fwp%2Fv2%2Fproduct_brand&post=486"},{"taxonomy":"product_cat","embeddable":true,"href":"https:\/\/somortopedia.es\/index.php?rest_route=%2Fwp%2Fv2%2Fproduct_cat&post=486"},{"taxonomy":"product_tag","embeddable":true,"href":"https:\/\/somortopedia.es\/index.php?rest_route=%2Fwp%2Fv2%2Fproduct_tag&post=486"}],"curies":[{"name":"wp","href":"https:\/\/api.w.org\/{rel}","templated":true}]}}