{"id":489,"date":"2017-06-27T16:44:54","date_gmt":"2017-06-27T16:44:54","guid":{"rendered":"http:\/\/somortopedia.es\/?post_type=product&#038;p=489"},"modified":"2017-06-27T16:44:54","modified_gmt":"2017-06-27T16:44:54","slug":"sunlift-micro","status":"publish","type":"product","link":"https:\/\/somortopedia.es\/?product=sunlift-micro","title":{"rendered":"Sunlift Micro"},"content":{"rendered":"","protected":false},"excerpt":{"rendered":"<p>Peso m\u00e1ximo paciente: 130 kg Longitud total m\u00e1xima: 104 cm Longitud total m\u00ednima: 102 cm Altura total m\u00e1xima: 180 cm Altura total m\u00ednima: 110 cm Altura m\u00e1xima de la percha: 157 cm Altura m\u00ednima de la percha: 37,3 cm Radio de giro: 54 cm Patas abiertas, anchura externa: 93 cm Patas abiertas, anchura interna 82 cm Patas cerradas, anchura interna: 40 cm Ruedas delanteras: 75 mm Ruedas traseras: 100 mm Bater\u00edas: 2 x 12V recargables de 4.5 Amph<\/p>\n","protected":false},"featured_media":372,"comment_status":"open","ping_status":"closed","template":"","meta":[],"product_brand":[],"product_cat":[37],"product_tag":[],"class_list":{"0":"post-489","1":"product","2":"type-product","3":"status-publish","4":"has-post-thumbnail","6":"product_cat-gruas","8":"first","9":"instock","10":"taxable","11":"shipping-taxable","12":"product-type-simple"},"_links":{"self":[{"href":"https:\/\/somortopedia.es\/index.php?rest_route=\/wp\/v2\/product\/489","targetHints":{"allow":["GET"]}}],"collection":[{"href":"https:\/\/somortopedia.es\/index.php?rest_route=\/wp\/v2\/product"}],"about":[{"href":"https:\/\/somortopedia.es\/index.php?rest_route=\/wp\/v2\/types\/product"}],"replies":[{"embeddable":true,"href":"https:\/\/somortopedia.es\/index.php?rest_route=%2Fwp%2Fv2%2Fcomments&post=489"}],"wp:featuredmedia":[{"embeddable":true,"href":"https:\/\/somortopedia.es\/index.php?rest_route=\/wp\/v2\/media\/372"}],"wp:attachment":[{"href":"https:\/\/somortopedia.es\/index.php?rest_route=%2Fwp%2Fv2%2Fmedia&parent=489"}],"wp:term":[{"taxonomy":"product_brand","embeddable":true,"href":"https:\/\/somortopedia.es\/index.php?rest_route=%2Fwp%2Fv2%2Fproduct_brand&post=489"},{"taxonomy":"product_cat","embeddable":true,"href":"https:\/\/somortopedia.es\/index.php?rest_route=%2Fwp%2Fv2%2Fproduct_cat&post=489"},{"taxonomy":"product_tag","embeddable":true,"href":"https:\/\/somortopedia.es\/index.php?rest_route=%2Fwp%2Fv2%2Fproduct_tag&post=489"}],"curies":[{"name":"wp","href":"https:\/\/api.w.org\/{rel}","templated":true}]}}