{"id":501,"date":"2017-06-27T16:50:57","date_gmt":"2017-06-27T16:50:57","guid":{"rendered":"http:\/\/somortopedia.es\/?post_type=product&#038;p=501"},"modified":"2017-06-27T16:50:57","modified_gmt":"2017-06-27T16:50:57","slug":"andador-rolator-aluminio-ergo","status":"publish","type":"product","link":"https:\/\/somortopedia.es\/?product=andador-rolator-aluminio-ergo","title":{"rendered":"Andador rolator aluminio ergo"},"content":{"rendered":"","protected":false},"excerpt":{"rendered":"<p>Rolator Aluminio Ergo, ligero, f\u00e1cil de plegar.Incorpora una cesta porta objetos.<\/p>\n<p>Caracter\u00edsticas:<\/p>\n<p>Versi\u00f3n m\u00e1s ligera y maniobrable del cl\u00e1sico rolator.<\/p>\n<p>Fabricado en aluminio, y muy f\u00e1cil de plegar y guardar.<\/p>\n<p>Incorpora una cesta porta objetos.<\/p>\n<p>Adecuado para su uso tanto en interiores como en exteriores.<\/p>\n<p>Los pu\u00f1os son graduables en altura y se regulan de 86-98 cm.<\/p>\n<p>Los frenos especialmente dise\u00f1ados para accionarse a\u00fan con movilidad limitada en las manos, tienen posici\u00f3n de \u00abparking \u00abque bloquea el rollator para mayor seguridad.<\/p>\n<p>Soporte para bastones inclu\u00eddo.<\/p>\n<p>Peso total 8,1 kg.<\/p>\n<p>Peso m\u00e1ximo que soporta 120 Kg.<\/p>\n<p>Medidas:<\/p>\n<p>Altura del asiento al suelo 59 cm. Fondo total 72 cm. Ancho Total 56 cm. Asiento de 45 x 35 cm.<\/p>\n","protected":false},"featured_media":153,"comment_status":"open","ping_status":"closed","template":"","meta":[],"product_brand":[],"product_cat":[38],"product_tag":[],"class_list":{"0":"post-501","1":"product","2":"type-product","3":"status-publish","4":"has-post-thumbnail","6":"product_cat-andadores-y-bastones","8":"first","9":"instock","10":"taxable","11":"shipping-taxable","12":"product-type-simple"},"_links":{"self":[{"href":"https:\/\/somortopedia.es\/index.php?rest_route=\/wp\/v2\/product\/501","targetHints":{"allow":["GET"]}}],"collection":[{"href":"https:\/\/somortopedia.es\/index.php?rest_route=\/wp\/v2\/product"}],"about":[{"href":"https:\/\/somortopedia.es\/index.php?rest_route=\/wp\/v2\/types\/product"}],"replies":[{"embeddable":true,"href":"https:\/\/somortopedia.es\/index.php?rest_route=%2Fwp%2Fv2%2Fcomments&post=501"}],"wp:featuredmedia":[{"embeddable":true,"href":"https:\/\/somortopedia.es\/index.php?rest_route=\/wp\/v2\/media\/153"}],"wp:attachment":[{"href":"https:\/\/somortopedia.es\/index.php?rest_route=%2Fwp%2Fv2%2Fmedia&parent=501"}],"wp:term":[{"taxonomy":"product_brand","embeddable":true,"href":"https:\/\/somortopedia.es\/index.php?rest_route=%2Fwp%2Fv2%2Fproduct_brand&post=501"},{"taxonomy":"product_cat","embeddable":true,"href":"https:\/\/somortopedia.es\/index.php?rest_route=%2Fwp%2Fv2%2Fproduct_cat&post=501"},{"taxonomy":"product_tag","embeddable":true,"href":"https:\/\/somortopedia.es\/index.php?rest_route=%2Fwp%2Fv2%2Fproduct_tag&post=501"}],"curies":[{"name":"wp","href":"https:\/\/api.w.org\/{rel}","templated":true}]}}