{"id":514,"date":"2017-06-27T17:02:05","date_gmt":"2017-06-27T17:02:05","guid":{"rendered":"http:\/\/somortopedia.es\/?post_type=product&#038;p=514"},"modified":"2017-06-27T17:02:06","modified_gmt":"2017-06-27T17:02:06","slug":"silla-comode","status":"publish","type":"product","link":"https:\/\/somortopedia.es\/?product=silla-comode","title":{"rendered":"Silla Comode"},"content":{"rendered":"","protected":false},"excerpt":{"rendered":"<p><span id=\"productPrices\" class=\"productGeneral\">89.31\u00a0 \u20ac*<\/span><\/p>\n<div id=\"productDescription\" class=\"productGeneral biggerText\">Silla de WC, con acolchado blando especialmente recomendada para aquellos que deben permanecer sentados durante largos per\u00edodos.<br \/>\nC\u00f3moda y f\u00e1cil de limpiar, de dise\u00f1o discreto y sobrio que combina f\u00e1cilmente con el entorno de la cas.<br \/>\nTiene una tapa que esconde el orificio del WC cuando est\u00e1 fuera de uso.<\/p>\n<p>Medidas del asiento: 45 x 45<\/p><\/div>\n","protected":false},"featured_media":0,"comment_status":"open","ping_status":"closed","template":"","meta":[],"product_brand":[],"product_cat":[22],"product_tag":[],"class_list":{"0":"post-514","1":"product","2":"type-product","3":"status-publish","5":"product_cat-sillas-inodoro","7":"first","8":"instock","9":"taxable","10":"shipping-taxable","11":"product-type-simple"},"_links":{"self":[{"href":"https:\/\/somortopedia.es\/index.php?rest_route=\/wp\/v2\/product\/514","targetHints":{"allow":["GET"]}}],"collection":[{"href":"https:\/\/somortopedia.es\/index.php?rest_route=\/wp\/v2\/product"}],"about":[{"href":"https:\/\/somortopedia.es\/index.php?rest_route=\/wp\/v2\/types\/product"}],"replies":[{"embeddable":true,"href":"https:\/\/somortopedia.es\/index.php?rest_route=%2Fwp%2Fv2%2Fcomments&post=514"}],"wp:attachment":[{"href":"https:\/\/somortopedia.es\/index.php?rest_route=%2Fwp%2Fv2%2Fmedia&parent=514"}],"wp:term":[{"taxonomy":"product_brand","embeddable":true,"href":"https:\/\/somortopedia.es\/index.php?rest_route=%2Fwp%2Fv2%2Fproduct_brand&post=514"},{"taxonomy":"product_cat","embeddable":true,"href":"https:\/\/somortopedia.es\/index.php?rest_route=%2Fwp%2Fv2%2Fproduct_cat&post=514"},{"taxonomy":"product_tag","embeddable":true,"href":"https:\/\/somortopedia.es\/index.php?rest_route=%2Fwp%2Fv2%2Fproduct_tag&post=514"}],"curies":[{"name":"wp","href":"https:\/\/api.w.org\/{rel}","templated":true}]}}