{"id":515,"date":"2017-06-27T17:02:34","date_gmt":"2017-06-27T17:02:34","guid":{"rendered":"http:\/\/somortopedia.es\/?post_type=product&#038;p=515"},"modified":"2017-06-27T17:02:34","modified_gmt":"2017-06-27T17:02:34","slug":"silla-multifuncion-comoda-swift","status":"publish","type":"product","link":"https:\/\/somortopedia.es\/?product=silla-multifuncion-comoda-swift","title":{"rendered":"Silla Multifunci\u00f3n C\u00f3moda-Swift"},"content":{"rendered":"","protected":false},"excerpt":{"rendered":"<p><span id=\"productPrices\" class=\"productGeneral\">151.24\u00a0 \u20ac*<\/span><\/p>\n<div id=\"productDescription\" class=\"productGeneral biggerText\">La C\u00f3moda-Swift facilita el d\u00eda a d\u00eda a las personas que necesitan tener un inodoro cerca de la cama.<br \/>\nDe altura graduable. Respaldo y asiento acolchado, ofreciendo una comodidad a la hora de vestirse o desvestirse.<br \/>\nRetirando el acolchado puede utilizarse como silla de ducha.<br \/>\nEl orinal tiene una tapa con asa y se extrae f\u00e1cilmente hacia arriba. Tambi\u00e9n puede colocarse directamente sobre el inodoro.<br \/>\nFabricada en aluminio y pl\u00e1stico, esta silla es muy ligera, y a la vez robusta.<\/div>\n","protected":false},"featured_media":364,"comment_status":"open","ping_status":"closed","template":"","meta":[],"product_brand":[],"product_cat":[22],"product_tag":[],"class_list":{"0":"post-515","1":"product","2":"type-product","3":"status-publish","4":"has-post-thumbnail","6":"product_cat-sillas-inodoro","8":"first","9":"instock","10":"taxable","11":"shipping-taxable","12":"product-type-simple"},"_links":{"self":[{"href":"https:\/\/somortopedia.es\/index.php?rest_route=\/wp\/v2\/product\/515","targetHints":{"allow":["GET"]}}],"collection":[{"href":"https:\/\/somortopedia.es\/index.php?rest_route=\/wp\/v2\/product"}],"about":[{"href":"https:\/\/somortopedia.es\/index.php?rest_route=\/wp\/v2\/types\/product"}],"replies":[{"embeddable":true,"href":"https:\/\/somortopedia.es\/index.php?rest_route=%2Fwp%2Fv2%2Fcomments&post=515"}],"wp:featuredmedia":[{"embeddable":true,"href":"https:\/\/somortopedia.es\/index.php?rest_route=\/wp\/v2\/media\/364"}],"wp:attachment":[{"href":"https:\/\/somortopedia.es\/index.php?rest_route=%2Fwp%2Fv2%2Fmedia&parent=515"}],"wp:term":[{"taxonomy":"product_brand","embeddable":true,"href":"https:\/\/somortopedia.es\/index.php?rest_route=%2Fwp%2Fv2%2Fproduct_brand&post=515"},{"taxonomy":"product_cat","embeddable":true,"href":"https:\/\/somortopedia.es\/index.php?rest_route=%2Fwp%2Fv2%2Fproduct_cat&post=515"},{"taxonomy":"product_tag","embeddable":true,"href":"https:\/\/somortopedia.es\/index.php?rest_route=%2Fwp%2Fv2%2Fproduct_tag&post=515"}],"curies":[{"name":"wp","href":"https:\/\/api.w.org\/{rel}","templated":true}]}}