{"id":525,"date":"2017-06-27T17:08:01","date_gmt":"2017-06-27T17:08:01","guid":{"rendered":"http:\/\/somortopedia.es\/?post_type=product&#038;p=525"},"modified":"2017-06-27T17:08:01","modified_gmt":"2017-06-27T17:08:01","slug":"elevador-dania","status":"publish","type":"product","link":"https:\/\/somortopedia.es\/?product=elevador-dania","title":{"rendered":"Elevador Dania"},"content":{"rendered":"","protected":false},"excerpt":{"rendered":"<p><span id=\"productPrices\" class=\"productGeneral\">289.50\u00a0 \u20ac*<\/span><\/p>\n<div id=\"productDescription\" class=\"productGeneral biggerText\">Elevador fabricado con duroplast de alta calidad, un material resistente a las rayadas, fuerte y muy duradero.<\/p>\n<p>Los anclajes son f\u00e1ciles de limpiar y los estabilizadores aseguran firmemente el asiento a la porcelana incluso en las transferencias laterales, cuando se pasa desde o a una silla de ruedas.<\/p>\n<p>Se suministran con protector de salpicaduras, que se puede quitar si se precisa pasar las manos por los laterales para realizar tactos o para la higiene.<\/p>\n<p>Disponible tamb\u00ed\u00e9n con asiento con apertura delantera para facilitar la higiene \u00edntima.<\/p><\/div>\n","protected":false},"featured_media":220,"comment_status":"open","ping_status":"closed","template":"","meta":[],"product_brand":[],"product_cat":[19],"product_tag":[],"class_list":{"0":"post-525","1":"product","2":"type-product","3":"status-publish","4":"has-post-thumbnail","6":"product_cat-alzas-de-bano","8":"first","9":"instock","10":"taxable","11":"shipping-taxable","12":"product-type-simple"},"_links":{"self":[{"href":"https:\/\/somortopedia.es\/index.php?rest_route=\/wp\/v2\/product\/525","targetHints":{"allow":["GET"]}}],"collection":[{"href":"https:\/\/somortopedia.es\/index.php?rest_route=\/wp\/v2\/product"}],"about":[{"href":"https:\/\/somortopedia.es\/index.php?rest_route=\/wp\/v2\/types\/product"}],"replies":[{"embeddable":true,"href":"https:\/\/somortopedia.es\/index.php?rest_route=%2Fwp%2Fv2%2Fcomments&post=525"}],"wp:featuredmedia":[{"embeddable":true,"href":"https:\/\/somortopedia.es\/index.php?rest_route=\/wp\/v2\/media\/220"}],"wp:attachment":[{"href":"https:\/\/somortopedia.es\/index.php?rest_route=%2Fwp%2Fv2%2Fmedia&parent=525"}],"wp:term":[{"taxonomy":"product_brand","embeddable":true,"href":"https:\/\/somortopedia.es\/index.php?rest_route=%2Fwp%2Fv2%2Fproduct_brand&post=525"},{"taxonomy":"product_cat","embeddable":true,"href":"https:\/\/somortopedia.es\/index.php?rest_route=%2Fwp%2Fv2%2Fproduct_cat&post=525"},{"taxonomy":"product_tag","embeddable":true,"href":"https:\/\/somortopedia.es\/index.php?rest_route=%2Fwp%2Fv2%2Fproduct_tag&post=525"}],"curies":[{"name":"wp","href":"https:\/\/api.w.org\/{rel}","templated":true}]}}