{"id":539,"date":"2017-06-27T17:15:46","date_gmt":"2017-06-27T17:15:46","guid":{"rendered":"http:\/\/somortopedia.es\/?post_type=product&#038;p=539"},"modified":"2017-06-27T17:15:46","modified_gmt":"2017-06-27T17:15:46","slug":"aquatec-orca","status":"publish","type":"product","link":"https:\/\/somortopedia.es\/?product=aquatec-orca","title":{"rendered":"Aquatec Orca"},"content":{"rendered":"","protected":false},"excerpt":{"rendered":"<p><span id=\"productPrices\" class=\"productGeneral\">543.12\u00a0 \u20ac*<\/span><\/p>\n<div id=\"productDescription\" class=\"productGeneral biggerText\">Elevador Aquatec Orca. Elevador con respaldo reclinable para un ba\u00f1o relajante y refrescante. El Aquatec Orca ofrece elevaciones y descensos seguros y c\u00f3modos con un solo dedo.<\/p>\n<p>Gracias a sus caracter\u00edsticas \u00fanicas, es el producto ideal para usuarios que buscan un elevador de ba\u00f1o pr\u00e1ctico y delgado. Adem\u00e1s el Aquatec Orca es f\u00e1cil para transportar e instalar. Dispone de un respaldo muy alto, con reposacabezas integrado, que reclina hasta 40\u00ba, lo que permite al usuario la posibilidad de tumbarse en la ba\u00f1era.<\/p><\/div>\n","protected":false},"featured_media":231,"comment_status":"open","ping_status":"closed","template":"","meta":[],"product_brand":[],"product_cat":[20],"product_tag":[],"class_list":{"0":"post-539","1":"product","2":"type-product","3":"status-publish","4":"has-post-thumbnail","6":"product_cat-asientos-de-banera","8":"first","9":"instock","10":"taxable","11":"shipping-taxable","12":"product-type-simple"},"_links":{"self":[{"href":"https:\/\/somortopedia.es\/index.php?rest_route=\/wp\/v2\/product\/539","targetHints":{"allow":["GET"]}}],"collection":[{"href":"https:\/\/somortopedia.es\/index.php?rest_route=\/wp\/v2\/product"}],"about":[{"href":"https:\/\/somortopedia.es\/index.php?rest_route=\/wp\/v2\/types\/product"}],"replies":[{"embeddable":true,"href":"https:\/\/somortopedia.es\/index.php?rest_route=%2Fwp%2Fv2%2Fcomments&post=539"}],"wp:featuredmedia":[{"embeddable":true,"href":"https:\/\/somortopedia.es\/index.php?rest_route=\/wp\/v2\/media\/231"}],"wp:attachment":[{"href":"https:\/\/somortopedia.es\/index.php?rest_route=%2Fwp%2Fv2%2Fmedia&parent=539"}],"wp:term":[{"taxonomy":"product_brand","embeddable":true,"href":"https:\/\/somortopedia.es\/index.php?rest_route=%2Fwp%2Fv2%2Fproduct_brand&post=539"},{"taxonomy":"product_cat","embeddable":true,"href":"https:\/\/somortopedia.es\/index.php?rest_route=%2Fwp%2Fv2%2Fproduct_cat&post=539"},{"taxonomy":"product_tag","embeddable":true,"href":"https:\/\/somortopedia.es\/index.php?rest_route=%2Fwp%2Fv2%2Fproduct_tag&post=539"}],"curies":[{"name":"wp","href":"https:\/\/api.w.org\/{rel}","templated":true}]}}