{"id":540,"date":"2017-06-27T17:16:38","date_gmt":"2017-06-27T17:16:38","guid":{"rendered":"http:\/\/somortopedia.es\/?post_type=product&#038;p=540"},"modified":"2017-06-27T17:16:38","modified_gmt":"2017-06-27T17:16:38","slug":"asiento-giratorio-inox-o-aluminio","status":"publish","type":"product","link":"https:\/\/somortopedia.es\/?product=asiento-giratorio-inox-o-aluminio","title":{"rendered":"Asiento giratorio inox o aluminio"},"content":{"rendered":"","protected":false},"excerpt":{"rendered":"<p><span id=\"productPrices\" class=\"productGeneral\">109.86\u00a0 \u20ac*<\/span><\/p>\n<div id=\"productDescription\" class=\"productGeneral biggerText\">Asiento giratorio de aluminio pintado en epoxi blanco, de pl\u00e1stico muy resistente, con una estructura solida y segura. F\u00e1cil de transportar, quitar y poner en la ba\u00f1era. Se desmonta en 2 piezas. El asiento queda emplazado firmemente en la ba\u00f1era, sin requerir obras ni fijaciones y se puede retirar al instante para usar la ba\u00f1era normalmente.<\/div>\n","protected":false},"featured_media":0,"comment_status":"open","ping_status":"closed","template":"","meta":[],"product_brand":[],"product_cat":[20],"product_tag":[],"class_list":{"0":"post-540","1":"product","2":"type-product","3":"status-publish","5":"product_cat-asientos-de-banera","7":"first","8":"instock","9":"taxable","10":"shipping-taxable","11":"product-type-simple"},"_links":{"self":[{"href":"https:\/\/somortopedia.es\/index.php?rest_route=\/wp\/v2\/product\/540","targetHints":{"allow":["GET"]}}],"collection":[{"href":"https:\/\/somortopedia.es\/index.php?rest_route=\/wp\/v2\/product"}],"about":[{"href":"https:\/\/somortopedia.es\/index.php?rest_route=\/wp\/v2\/types\/product"}],"replies":[{"embeddable":true,"href":"https:\/\/somortopedia.es\/index.php?rest_route=%2Fwp%2Fv2%2Fcomments&post=540"}],"wp:attachment":[{"href":"https:\/\/somortopedia.es\/index.php?rest_route=%2Fwp%2Fv2%2Fmedia&parent=540"}],"wp:term":[{"taxonomy":"product_brand","embeddable":true,"href":"https:\/\/somortopedia.es\/index.php?rest_route=%2Fwp%2Fv2%2Fproduct_brand&post=540"},{"taxonomy":"product_cat","embeddable":true,"href":"https:\/\/somortopedia.es\/index.php?rest_route=%2Fwp%2Fv2%2Fproduct_cat&post=540"},{"taxonomy":"product_tag","embeddable":true,"href":"https:\/\/somortopedia.es\/index.php?rest_route=%2Fwp%2Fv2%2Fproduct_tag&post=540"}],"curies":[{"name":"wp","href":"https:\/\/api.w.org\/{rel}","templated":true}]}}