{"id":541,"date":"2017-06-27T17:17:10","date_gmt":"2017-06-27T17:17:10","guid":{"rendered":"http:\/\/somortopedia.es\/?post_type=product&#038;p=541"},"modified":"2017-06-27T17:17:10","modified_gmt":"2017-06-27T17:17:10","slug":"banco-de-banera","status":"publish","type":"product","link":"https:\/\/somortopedia.es\/?product=banco-de-banera","title":{"rendered":"Banco de ba\u00f1era"},"content":{"rendered":"","protected":false},"excerpt":{"rendered":"<p><span id=\"productPrices\" class=\"productGeneral\">68.28\u00a0 \u20ac*<\/span><\/p>\n<div id=\"productDescription\" class=\"productGeneral biggerText\">Silla de aluminio, regulable en altura, de 46 a 57 cm.<br \/>\nSe colocan dos patas dentro y dos fuera, as\u00ed tendremos una silla dentro de la ba\u00f1era y otra fuera.<br \/>\nLa transferencia al entrar y salir de la ba\u00f1era es as\u00ed m\u00e1s c\u00f3moda y segura.<br \/>\nEl banco pl\u00e1stico tiene orificios de drenaje.<br \/>\nLa asidera, reposabrazo, colocada en la parte inferior del banco ofrece una ayuda adicional.<\/div>\n","protected":false},"featured_media":197,"comment_status":"open","ping_status":"closed","template":"","meta":[],"product_brand":[],"product_cat":[20],"product_tag":[],"class_list":{"0":"post-541","1":"product","2":"type-product","3":"status-publish","4":"has-post-thumbnail","6":"product_cat-asientos-de-banera","8":"first","9":"instock","10":"taxable","11":"shipping-taxable","12":"product-type-simple"},"_links":{"self":[{"href":"https:\/\/somortopedia.es\/index.php?rest_route=\/wp\/v2\/product\/541","targetHints":{"allow":["GET"]}}],"collection":[{"href":"https:\/\/somortopedia.es\/index.php?rest_route=\/wp\/v2\/product"}],"about":[{"href":"https:\/\/somortopedia.es\/index.php?rest_route=\/wp\/v2\/types\/product"}],"replies":[{"embeddable":true,"href":"https:\/\/somortopedia.es\/index.php?rest_route=%2Fwp%2Fv2%2Fcomments&post=541"}],"wp:featuredmedia":[{"embeddable":true,"href":"https:\/\/somortopedia.es\/index.php?rest_route=\/wp\/v2\/media\/197"}],"wp:attachment":[{"href":"https:\/\/somortopedia.es\/index.php?rest_route=%2Fwp%2Fv2%2Fmedia&parent=541"}],"wp:term":[{"taxonomy":"product_brand","embeddable":true,"href":"https:\/\/somortopedia.es\/index.php?rest_route=%2Fwp%2Fv2%2Fproduct_brand&post=541"},{"taxonomy":"product_cat","embeddable":true,"href":"https:\/\/somortopedia.es\/index.php?rest_route=%2Fwp%2Fv2%2Fproduct_cat&post=541"},{"taxonomy":"product_tag","embeddable":true,"href":"https:\/\/somortopedia.es\/index.php?rest_route=%2Fwp%2Fv2%2Fproduct_tag&post=541"}],"curies":[{"name":"wp","href":"https:\/\/api.w.org\/{rel}","templated":true}]}}