{"id":543,"date":"2017-06-27T17:18:14","date_gmt":"2017-06-27T17:18:14","guid":{"rendered":"http:\/\/somortopedia.es\/?post_type=product&#038;p=543"},"modified":"2017-06-27T17:18:14","modified_gmt":"2017-06-27T17:18:14","slug":"elevador-de-banera-relax-on","status":"publish","type":"product","link":"https:\/\/somortopedia.es\/?product=elevador-de-banera-relax-on","title":{"rendered":"Elevador de ba\u00f1era Relax on"},"content":{"rendered":"","protected":false},"excerpt":{"rendered":"<p>El elevador de ba\u00f1era Relax On Lotus desciende suavemente hasta el fondo de la ba\u00f1era con el usuario c\u00f3modamente sentado, y luego vuelve a ascender hasta el borde de la ba\u00f1era para facilitarle la salida. Cuando se encuentra en la posici\u00f3n m\u00e1s baja, el respaldo se reclina hacia atr\u00e1s, para un mayor confort. Funciona con bater\u00edas, no precisa instalaci\u00f3n y se puede retirar de la ba\u00f1era cuando no se necesita.<\/p>\n","protected":false},"featured_media":225,"comment_status":"open","ping_status":"closed","template":"","meta":[],"product_brand":[],"product_cat":[20],"product_tag":[],"class_list":{"0":"post-543","1":"product","2":"type-product","3":"status-publish","4":"has-post-thumbnail","6":"product_cat-asientos-de-banera","8":"first","9":"instock","10":"taxable","11":"shipping-taxable","12":"product-type-simple"},"_links":{"self":[{"href":"https:\/\/somortopedia.es\/index.php?rest_route=\/wp\/v2\/product\/543","targetHints":{"allow":["GET"]}}],"collection":[{"href":"https:\/\/somortopedia.es\/index.php?rest_route=\/wp\/v2\/product"}],"about":[{"href":"https:\/\/somortopedia.es\/index.php?rest_route=\/wp\/v2\/types\/product"}],"replies":[{"embeddable":true,"href":"https:\/\/somortopedia.es\/index.php?rest_route=%2Fwp%2Fv2%2Fcomments&post=543"}],"wp:featuredmedia":[{"embeddable":true,"href":"https:\/\/somortopedia.es\/index.php?rest_route=\/wp\/v2\/media\/225"}],"wp:attachment":[{"href":"https:\/\/somortopedia.es\/index.php?rest_route=%2Fwp%2Fv2%2Fmedia&parent=543"}],"wp:term":[{"taxonomy":"product_brand","embeddable":true,"href":"https:\/\/somortopedia.es\/index.php?rest_route=%2Fwp%2Fv2%2Fproduct_brand&post=543"},{"taxonomy":"product_cat","embeddable":true,"href":"https:\/\/somortopedia.es\/index.php?rest_route=%2Fwp%2Fv2%2Fproduct_cat&post=543"},{"taxonomy":"product_tag","embeddable":true,"href":"https:\/\/somortopedia.es\/index.php?rest_route=%2Fwp%2Fv2%2Fproduct_tag&post=543"}],"curies":[{"name":"wp","href":"https:\/\/api.w.org\/{rel}","templated":true}]}}