{"id":551,"date":"2017-06-27T17:24:31","date_gmt":"2017-06-27T17:24:31","guid":{"rendered":"http:\/\/somortopedia.es\/?post_type=product&#038;p=551"},"modified":"2017-12-28T17:44:55","modified_gmt":"2017-12-28T17:44:55","slug":"sillas-de-ducha","status":"publish","type":"product","link":"https:\/\/somortopedia.es\/?product=sillas-de-ducha","title":{"rendered":"Asiento abatible acolchado de pared Asiento abatible acolchado de pared"},"content":{"rendered":"","protected":false},"excerpt":{"rendered":"<p><span id=\"productPrices\" class=\"productGeneral\">104.36\u00a0 \u20ac*<\/span><\/p>\n<div id=\"productDescription\" class=\"productGeneral biggerText\">Soluci\u00f3n econ\u00f3mica, compacta y confortable para el usuario en duchas de dimensiones reducidas. Fabricado en pl\u00e1stico de polipropileno y aluminio. Dispone de un asiento acolchado de tacto suave que se puede desmontar para facilitar su limpieza. Dispone de ajuste de precisi\u00f3n en una pata para compensar cualquier irregularidad en la superficie de la ducha de +- 13 mm.<\/div>\n","protected":false},"featured_media":161,"comment_status":"open","ping_status":"closed","template":"","meta":[],"product_brand":[],"product_cat":[21],"product_tag":[],"class_list":{"0":"post-551","1":"product","2":"type-product","3":"status-publish","4":"has-post-thumbnail","6":"product_cat-sillas-de-ducha","8":"first","9":"instock","10":"taxable","11":"shipping-taxable","12":"product-type-simple"},"_links":{"self":[{"href":"https:\/\/somortopedia.es\/index.php?rest_route=\/wp\/v2\/product\/551","targetHints":{"allow":["GET"]}}],"collection":[{"href":"https:\/\/somortopedia.es\/index.php?rest_route=\/wp\/v2\/product"}],"about":[{"href":"https:\/\/somortopedia.es\/index.php?rest_route=\/wp\/v2\/types\/product"}],"replies":[{"embeddable":true,"href":"https:\/\/somortopedia.es\/index.php?rest_route=%2Fwp%2Fv2%2Fcomments&post=551"}],"wp:featuredmedia":[{"embeddable":true,"href":"https:\/\/somortopedia.es\/index.php?rest_route=\/wp\/v2\/media\/161"}],"wp:attachment":[{"href":"https:\/\/somortopedia.es\/index.php?rest_route=%2Fwp%2Fv2%2Fmedia&parent=551"}],"wp:term":[{"taxonomy":"product_brand","embeddable":true,"href":"https:\/\/somortopedia.es\/index.php?rest_route=%2Fwp%2Fv2%2Fproduct_brand&post=551"},{"taxonomy":"product_cat","embeddable":true,"href":"https:\/\/somortopedia.es\/index.php?rest_route=%2Fwp%2Fv2%2Fproduct_cat&post=551"},{"taxonomy":"product_tag","embeddable":true,"href":"https:\/\/somortopedia.es\/index.php?rest_route=%2Fwp%2Fv2%2Fproduct_tag&post=551"}],"curies":[{"name":"wp","href":"https:\/\/api.w.org\/{rel}","templated":true}]}}