{"id":552,"date":"2017-06-27T17:25:06","date_gmt":"2017-06-27T17:25:06","guid":{"rendered":"http:\/\/somortopedia.es\/?post_type=product&#038;p=552"},"modified":"2017-06-27T17:25:06","modified_gmt":"2017-06-27T17:25:06","slug":"asiento-abatible-con-respaldo-y-brazos-de-pared","status":"publish","type":"product","link":"https:\/\/somortopedia.es\/?product=asiento-abatible-con-respaldo-y-brazos-de-pared","title":{"rendered":"Asiento abatible con respaldo y brazos de pared"},"content":{"rendered":"","protected":false},"excerpt":{"rendered":"<p><span id=\"productPrices\" class=\"productGeneral\">317.63\u00a0 \u20ac*<\/span><\/p>\n<div id=\"productDescription\" class=\"productGeneral biggerText\">Asiento de ducha abatible de gran calidad, fabricado en acero inoxidable con coj\u00edn acolchado para mayor comodidad. Incorpora apoyabrazos independientes para dar mayor soporte al sentarse y al levantarse. El \u00e1ngulo de ca\u00edda de los brazos puede ajustarse seg\u00fan las preferencias individuales. El ancho entre brazos es de 48 cm. El ancho total es de 58 cm. La profundidad hasta la pared es de 49 cm y la altura es regulable de 39 a 64 cm.<\/div>\n","protected":false},"featured_media":160,"comment_status":"open","ping_status":"closed","template":"","meta":[],"product_brand":[],"product_cat":[21],"product_tag":[],"class_list":{"0":"post-552","1":"product","2":"type-product","3":"status-publish","4":"has-post-thumbnail","6":"product_cat-sillas-de-ducha","8":"first","9":"instock","10":"taxable","11":"shipping-taxable","12":"product-type-simple"},"_links":{"self":[{"href":"https:\/\/somortopedia.es\/index.php?rest_route=\/wp\/v2\/product\/552","targetHints":{"allow":["GET"]}}],"collection":[{"href":"https:\/\/somortopedia.es\/index.php?rest_route=\/wp\/v2\/product"}],"about":[{"href":"https:\/\/somortopedia.es\/index.php?rest_route=\/wp\/v2\/types\/product"}],"replies":[{"embeddable":true,"href":"https:\/\/somortopedia.es\/index.php?rest_route=%2Fwp%2Fv2%2Fcomments&post=552"}],"wp:featuredmedia":[{"embeddable":true,"href":"https:\/\/somortopedia.es\/index.php?rest_route=\/wp\/v2\/media\/160"}],"wp:attachment":[{"href":"https:\/\/somortopedia.es\/index.php?rest_route=%2Fwp%2Fv2%2Fmedia&parent=552"}],"wp:term":[{"taxonomy":"product_brand","embeddable":true,"href":"https:\/\/somortopedia.es\/index.php?rest_route=%2Fwp%2Fv2%2Fproduct_brand&post=552"},{"taxonomy":"product_cat","embeddable":true,"href":"https:\/\/somortopedia.es\/index.php?rest_route=%2Fwp%2Fv2%2Fproduct_cat&post=552"},{"taxonomy":"product_tag","embeddable":true,"href":"https:\/\/somortopedia.es\/index.php?rest_route=%2Fwp%2Fv2%2Fproduct_tag&post=552"}],"curies":[{"name":"wp","href":"https:\/\/api.w.org\/{rel}","templated":true}]}}