{"id":553,"date":"2017-06-27T17:25:28","date_gmt":"2017-06-27T17:25:28","guid":{"rendered":"http:\/\/somortopedia.es\/?post_type=product&#038;p=553"},"modified":"2017-06-27T17:25:28","modified_gmt":"2017-06-27T17:25:28","slug":"asiento-abatible-de-pared-con-patas","status":"publish","type":"product","link":"https:\/\/somortopedia.es\/?product=asiento-abatible-de-pared-con-patas","title":{"rendered":"Asiento abatible de pared con patas"},"content":{"rendered":"","protected":false},"excerpt":{"rendered":"<p><span id=\"productPrices\" class=\"productGeneral\">74.12\u00a0 \u20ac*<\/span><\/p>\n<div id=\"productDescription\" class=\"productGeneral biggerText\">Fabricado en aluminio con recubrimiento epoxi en color blanco. Asiento de pl\u00e1stico de forma c\u00f3ncava con desag\u00fce y asideras integradas para mayor sensaci\u00f3n de seguridad. Se puede plegar contra la pared cuando est\u00e1 fuera de uso. Incorpora dos patas, tambi\u00e9n abatibles a la pared, regulables en altura que dan mayor seguridad ya que soportan la mayor parte del peso. Ancho total de 50 cm, fondo total hasta la pared de 40 cm, fondo de asiento de 30 cm, placa de instalaci\u00f3n a la pared de 37 x 15 cm y altura regulable de 39 a 54 cm.<\/div>\n","protected":false},"featured_media":271,"comment_status":"open","ping_status":"closed","template":"","meta":[],"product_brand":[],"product_cat":[21],"product_tag":[],"class_list":{"0":"post-553","1":"product","2":"type-product","3":"status-publish","4":"has-post-thumbnail","6":"product_cat-sillas-de-ducha","8":"first","9":"instock","10":"taxable","11":"shipping-taxable","12":"product-type-simple"},"_links":{"self":[{"href":"https:\/\/somortopedia.es\/index.php?rest_route=\/wp\/v2\/product\/553","targetHints":{"allow":["GET"]}}],"collection":[{"href":"https:\/\/somortopedia.es\/index.php?rest_route=\/wp\/v2\/product"}],"about":[{"href":"https:\/\/somortopedia.es\/index.php?rest_route=\/wp\/v2\/types\/product"}],"replies":[{"embeddable":true,"href":"https:\/\/somortopedia.es\/index.php?rest_route=%2Fwp%2Fv2%2Fcomments&post=553"}],"wp:featuredmedia":[{"embeddable":true,"href":"https:\/\/somortopedia.es\/index.php?rest_route=\/wp\/v2\/media\/271"}],"wp:attachment":[{"href":"https:\/\/somortopedia.es\/index.php?rest_route=%2Fwp%2Fv2%2Fmedia&parent=553"}],"wp:term":[{"taxonomy":"product_brand","embeddable":true,"href":"https:\/\/somortopedia.es\/index.php?rest_route=%2Fwp%2Fv2%2Fproduct_brand&post=553"},{"taxonomy":"product_cat","embeddable":true,"href":"https:\/\/somortopedia.es\/index.php?rest_route=%2Fwp%2Fv2%2Fproduct_cat&post=553"},{"taxonomy":"product_tag","embeddable":true,"href":"https:\/\/somortopedia.es\/index.php?rest_route=%2Fwp%2Fv2%2Fproduct_tag&post=553"}],"curies":[{"name":"wp","href":"https:\/\/api.w.org\/{rel}","templated":true}]}}