{"id":558,"date":"2017-06-27T17:28:06","date_gmt":"2017-06-27T17:28:06","guid":{"rendered":"http:\/\/somortopedia.es\/?post_type=product&#038;p=558"},"modified":"2017-06-27T17:28:06","modified_gmt":"2017-06-27T17:28:06","slug":"silla-con-asiento-en-u","status":"publish","type":"product","link":"https:\/\/somortopedia.es\/?product=silla-con-asiento-en-u","title":{"rendered":"Silla con asiento en U"},"content":{"rendered":"","protected":false},"excerpt":{"rendered":"<p><span id=\"productPrices\" class=\"productGeneral\">45.72\u00a0 \u20ac*<\/span><\/p>\n<div id=\"productDescription\" class=\"productGeneral biggerText\">Silla completa con respaldo, especialmente dise\u00f1ada para ser utilizada en el ba\u00f1o. El asiento tiene forma de herradura, para facilitar la higiene \u00edntima .Las patas extensibles permiten graduar la altura del asiento y sus conteras de caucho lo dotan de gran estabilidad al ser antideslizantes.<\/p>\n<p>Fabricada en aluminio y pl\u00e1stico, resulta totalmente inoxidable y muy ligera.<\/p>\n<p>Ancho 43 cm.<\/p>\n<p>Altura desde 68 a 80 cm.<\/p>\n<p>Fondo total 48 cm.<\/p>\n<p>Ancho del asiento 41 cm.<\/p>\n<p>Fondo del asiento 38 cm.<\/p>\n<p>Altura del asiento graduable desde 40 a 52 cm.<\/p>\n<p>Peso de la silla 3,1 Kg.<\/p>\n<p>Peso m\u00e1ximo que soporta 100 Kg.<\/p><\/div>\n","protected":false},"featured_media":245,"comment_status":"open","ping_status":"closed","template":"","meta":[],"product_brand":[],"product_cat":[21],"product_tag":[],"class_list":{"0":"post-558","1":"product","2":"type-product","3":"status-publish","4":"has-post-thumbnail","6":"product_cat-sillas-de-ducha","8":"first","9":"instock","10":"taxable","11":"shipping-taxable","12":"product-type-simple"},"_links":{"self":[{"href":"https:\/\/somortopedia.es\/index.php?rest_route=\/wp\/v2\/product\/558","targetHints":{"allow":["GET"]}}],"collection":[{"href":"https:\/\/somortopedia.es\/index.php?rest_route=\/wp\/v2\/product"}],"about":[{"href":"https:\/\/somortopedia.es\/index.php?rest_route=\/wp\/v2\/types\/product"}],"replies":[{"embeddable":true,"href":"https:\/\/somortopedia.es\/index.php?rest_route=%2Fwp%2Fv2%2Fcomments&post=558"}],"wp:featuredmedia":[{"embeddable":true,"href":"https:\/\/somortopedia.es\/index.php?rest_route=\/wp\/v2\/media\/245"}],"wp:attachment":[{"href":"https:\/\/somortopedia.es\/index.php?rest_route=%2Fwp%2Fv2%2Fmedia&parent=558"}],"wp:term":[{"taxonomy":"product_brand","embeddable":true,"href":"https:\/\/somortopedia.es\/index.php?rest_route=%2Fwp%2Fv2%2Fproduct_brand&post=558"},{"taxonomy":"product_cat","embeddable":true,"href":"https:\/\/somortopedia.es\/index.php?rest_route=%2Fwp%2Fv2%2Fproduct_cat&post=558"},{"taxonomy":"product_tag","embeddable":true,"href":"https:\/\/somortopedia.es\/index.php?rest_route=%2Fwp%2Fv2%2Fproduct_tag&post=558"}],"curies":[{"name":"wp","href":"https:\/\/api.w.org\/{rel}","templated":true}]}}