{"id":566,"date":"2017-06-27T17:31:41","date_gmt":"2017-06-27T17:31:41","guid":{"rendered":"http:\/\/somortopedia.es\/?post_type=product&#038;p=566"},"modified":"2017-06-27T17:31:41","modified_gmt":"2017-06-27T17:31:41","slug":"taburete-edge","status":"publish","type":"product","link":"https:\/\/somortopedia.es\/?product=taburete-edge","title":{"rendered":"Taburete Edge"},"content":{"rendered":"","protected":false},"excerpt":{"rendered":"<p><span id=\"productPrices\" class=\"productGeneral\">49.36\u00a0 \u20ac*<\/span><\/p>\n<div id=\"productDescription\" class=\"productGeneral biggerText\">Pr\u00e1ctico taburete especialmente dise\u00f1ado para ocupar el m\u00ednimo espacio.<\/p>\n<p>Totalmente inoxidable y desmontable.<\/p>\n<p>Patas telesc\u00f3picas graduables en altura.<\/p>\n<p>Gracias a su dise\u00f1o es f\u00e1cil doblar las piernas hacia los lados y as\u00ed alcanzar c\u00f3modamente los pies.<\/p><\/div>\n","protected":false},"featured_media":175,"comment_status":"open","ping_status":"closed","template":"","meta":[],"product_brand":[],"product_cat":[21],"product_tag":[],"class_list":{"0":"post-566","1":"product","2":"type-product","3":"status-publish","4":"has-post-thumbnail","6":"product_cat-sillas-de-ducha","8":"first","9":"instock","10":"taxable","11":"shipping-taxable","12":"product-type-simple"},"_links":{"self":[{"href":"https:\/\/somortopedia.es\/index.php?rest_route=\/wp\/v2\/product\/566","targetHints":{"allow":["GET"]}}],"collection":[{"href":"https:\/\/somortopedia.es\/index.php?rest_route=\/wp\/v2\/product"}],"about":[{"href":"https:\/\/somortopedia.es\/index.php?rest_route=\/wp\/v2\/types\/product"}],"replies":[{"embeddable":true,"href":"https:\/\/somortopedia.es\/index.php?rest_route=%2Fwp%2Fv2%2Fcomments&post=566"}],"wp:featuredmedia":[{"embeddable":true,"href":"https:\/\/somortopedia.es\/index.php?rest_route=\/wp\/v2\/media\/175"}],"wp:attachment":[{"href":"https:\/\/somortopedia.es\/index.php?rest_route=%2Fwp%2Fv2%2Fmedia&parent=566"}],"wp:term":[{"taxonomy":"product_brand","embeddable":true,"href":"https:\/\/somortopedia.es\/index.php?rest_route=%2Fwp%2Fv2%2Fproduct_brand&post=566"},{"taxonomy":"product_cat","embeddable":true,"href":"https:\/\/somortopedia.es\/index.php?rest_route=%2Fwp%2Fv2%2Fproduct_cat&post=566"},{"taxonomy":"product_tag","embeddable":true,"href":"https:\/\/somortopedia.es\/index.php?rest_route=%2Fwp%2Fv2%2Fproduct_tag&post=566"}],"curies":[{"name":"wp","href":"https:\/\/api.w.org\/{rel}","templated":true}]}}