{"id":646,"date":"2019-08-21T11:34:52","date_gmt":"2019-08-21T11:34:52","guid":{"rendered":"http:\/\/somortopedia.es\/?post_type=product&#038;p=646"},"modified":"2019-08-21T11:45:12","modified_gmt":"2019-08-21T11:45:12","slug":"breezy-premium","status":"publish","type":"product","link":"https:\/\/somortopedia.es\/?product=breezy-premium","title":{"rendered":"Breezy Premium"},"content":{"rendered":"","protected":false},"excerpt":{"rendered":"<p>Silla dise\u00f1ada al detalle para perdurar en el tiempo gracias a su incre\u00edble resistencia, robustez y ergonom\u00eda. Su estructura de acero de gran calidad y fortaleza garantiza una funcionalidad sin igual en el d\u00eda a d\u00eda, convirti\u00e9ndola en una silla de total confianza.<\/p>\n<p>Breezy Premium es una silla verdaderamwente confortable que ofrece multitud de prestaciones par hacer la vida m\u00e1s f\u00e1cil. Detalles como\u00a0 la palanca de los frenos con empu\u00f1adura ergon\u00f3mica, los reposabrazos con almohadillado comfort y la posibilidad de regularlos en profundidad o la amplia palanca desenclavadora de los reposapies hacen que la Breezy Premium una silla que causa sensaci\u00f3n.<\/p>\n<p>&nbsp;<\/p>\n<p>&nbsp;<\/p>\n","protected":false},"featured_media":647,"comment_status":"open","ping_status":"closed","template":"","meta":[],"product_brand":[],"product_cat":[47],"product_tag":[],"class_list":{"0":"post-646","1":"product","2":"type-product","3":"status-publish","4":"has-post-thumbnail","6":"product_cat-sillas-de-acero","8":"first","9":"instock","10":"taxable","11":"shipping-taxable","12":"product-type-simple"},"_links":{"self":[{"href":"https:\/\/somortopedia.es\/index.php?rest_route=\/wp\/v2\/product\/646","targetHints":{"allow":["GET"]}}],"collection":[{"href":"https:\/\/somortopedia.es\/index.php?rest_route=\/wp\/v2\/product"}],"about":[{"href":"https:\/\/somortopedia.es\/index.php?rest_route=\/wp\/v2\/types\/product"}],"replies":[{"embeddable":true,"href":"https:\/\/somortopedia.es\/index.php?rest_route=%2Fwp%2Fv2%2Fcomments&post=646"}],"wp:featuredmedia":[{"embeddable":true,"href":"https:\/\/somortopedia.es\/index.php?rest_route=\/wp\/v2\/media\/647"}],"wp:attachment":[{"href":"https:\/\/somortopedia.es\/index.php?rest_route=%2Fwp%2Fv2%2Fmedia&parent=646"}],"wp:term":[{"taxonomy":"product_brand","embeddable":true,"href":"https:\/\/somortopedia.es\/index.php?rest_route=%2Fwp%2Fv2%2Fproduct_brand&post=646"},{"taxonomy":"product_cat","embeddable":true,"href":"https:\/\/somortopedia.es\/index.php?rest_route=%2Fwp%2Fv2%2Fproduct_cat&post=646"},{"taxonomy":"product_tag","embeddable":true,"href":"https:\/\/somortopedia.es\/index.php?rest_route=%2Fwp%2Fv2%2Fproduct_tag&post=646"}],"curies":[{"name":"wp","href":"https:\/\/api.w.org\/{rel}","templated":true}]}}