{"id":648,"date":"2019-08-22T08:54:44","date_gmt":"2019-08-22T08:54:44","guid":{"rendered":"http:\/\/somortopedia.es\/?post_type=product&#038;p=648"},"modified":"2019-08-22T08:54:44","modified_gmt":"2019-08-22T08:54:44","slug":"s400","status":"publish","type":"product","link":"https:\/\/somortopedia.es\/?product=s400","title":{"rendered":"S400"},"content":{"rendered":"","protected":false},"excerpt":{"rendered":"<p>Con una velocidad m\u00e1xima de 6km\/h y bater\u00edas de 38 Amp, el scooter S400 es el m\u00e1s compacto de la gama; ideal para ir al supermercado o desplazarte por la ciudad.<\/p>\n<p>Icorpora suspensi\u00f3n delantera y trasera ajustable de serie para hacer m\u00e1s c\u00f3modos tus desplazamientos y luces de LED para garantizar tu visibilidad en cualquier momento del d\u00eda.<\/p>\n<p>Con una completa configuraci\u00f3n standard: reposacabezas, cintur\u00f3n, rueda antivuelco, parachoques delantero y trasero, espejos retrovisores, frenos de disco , cesta frontal &#8230;<\/p>\n","protected":false},"featured_media":649,"comment_status":"open","ping_status":"closed","template":"","meta":[],"product_brand":[],"product_cat":[18],"product_tag":[],"class_list":{"0":"post-648","1":"product","2":"type-product","3":"status-publish","4":"has-post-thumbnail","6":"product_cat-scooters","8":"first","9":"instock","10":"taxable","11":"shipping-taxable","12":"product-type-simple"},"_links":{"self":[{"href":"https:\/\/somortopedia.es\/index.php?rest_route=\/wp\/v2\/product\/648","targetHints":{"allow":["GET"]}}],"collection":[{"href":"https:\/\/somortopedia.es\/index.php?rest_route=\/wp\/v2\/product"}],"about":[{"href":"https:\/\/somortopedia.es\/index.php?rest_route=\/wp\/v2\/types\/product"}],"replies":[{"embeddable":true,"href":"https:\/\/somortopedia.es\/index.php?rest_route=%2Fwp%2Fv2%2Fcomments&post=648"}],"wp:featuredmedia":[{"embeddable":true,"href":"https:\/\/somortopedia.es\/index.php?rest_route=\/wp\/v2\/media\/649"}],"wp:attachment":[{"href":"https:\/\/somortopedia.es\/index.php?rest_route=%2Fwp%2Fv2%2Fmedia&parent=648"}],"wp:term":[{"taxonomy":"product_brand","embeddable":true,"href":"https:\/\/somortopedia.es\/index.php?rest_route=%2Fwp%2Fv2%2Fproduct_brand&post=648"},{"taxonomy":"product_cat","embeddable":true,"href":"https:\/\/somortopedia.es\/index.php?rest_route=%2Fwp%2Fv2%2Fproduct_cat&post=648"},{"taxonomy":"product_tag","embeddable":true,"href":"https:\/\/somortopedia.es\/index.php?rest_route=%2Fwp%2Fv2%2Fproduct_tag&post=648"}],"curies":[{"name":"wp","href":"https:\/\/api.w.org\/{rel}","templated":true}]}}