{"id":666,"date":"2019-10-25T17:26:54","date_gmt":"2019-10-25T17:26:54","guid":{"rendered":"http:\/\/somortopedia.es\/?post_type=product&#038;p=666"},"modified":"2019-10-25T17:26:54","modified_gmt":"2019-10-25T17:26:54","slug":"style-x-ultra","status":"publish","type":"product","link":"https:\/\/somortopedia.es\/?product=style-x-ultra","title":{"rendered":"Style X Ultra"},"content":{"rendered":"","protected":false},"excerpt":{"rendered":"<p>La silla de ruedas de aluminio Breezy Style X Ultra es la elecci\u00f3n perfecta para amoldarse a tu ritmo. Su secreto es un\u00a0<strong>armaz\u00f3n fuerte, pero a la vez ligero<\/strong>, inspirado en tu d\u00eda a d\u00eda, porque sabemos lo importante que es poder confiar en una silla duradera sin renunciar por ello a la ligereza.<br \/>\nStyle X Ultra permite una\u00a0<strong>gran cantidad de ajustes<\/strong>\u00a0para adaptarla siempre a tus necesidades personales, sea cual sea tu momento y adem\u00e1s cuenta con una\u00a0<strong>ampl\u00edsima gama de opciones y accesorio<\/strong>s para que puedas crear la combinaci\u00f3n que te resulte m\u00e1s atractiva o m\u00e1s confortable.<\/p>\n","protected":false},"featured_media":667,"comment_status":"open","ping_status":"closed","template":"","meta":[],"product_brand":[],"product_cat":[48],"product_tag":[],"class_list":{"0":"post-666","1":"product","2":"type-product","3":"status-publish","4":"has-post-thumbnail","6":"product_cat-sillas-semiligeras","8":"first","9":"instock","10":"taxable","11":"shipping-taxable","12":"product-type-simple"},"_links":{"self":[{"href":"https:\/\/somortopedia.es\/index.php?rest_route=\/wp\/v2\/product\/666","targetHints":{"allow":["GET"]}}],"collection":[{"href":"https:\/\/somortopedia.es\/index.php?rest_route=\/wp\/v2\/product"}],"about":[{"href":"https:\/\/somortopedia.es\/index.php?rest_route=\/wp\/v2\/types\/product"}],"replies":[{"embeddable":true,"href":"https:\/\/somortopedia.es\/index.php?rest_route=%2Fwp%2Fv2%2Fcomments&post=666"}],"wp:featuredmedia":[{"embeddable":true,"href":"https:\/\/somortopedia.es\/index.php?rest_route=\/wp\/v2\/media\/667"}],"wp:attachment":[{"href":"https:\/\/somortopedia.es\/index.php?rest_route=%2Fwp%2Fv2%2Fmedia&parent=666"}],"wp:term":[{"taxonomy":"product_brand","embeddable":true,"href":"https:\/\/somortopedia.es\/index.php?rest_route=%2Fwp%2Fv2%2Fproduct_brand&post=666"},{"taxonomy":"product_cat","embeddable":true,"href":"https:\/\/somortopedia.es\/index.php?rest_route=%2Fwp%2Fv2%2Fproduct_cat&post=666"},{"taxonomy":"product_tag","embeddable":true,"href":"https:\/\/somortopedia.es\/index.php?rest_route=%2Fwp%2Fv2%2Fproduct_tag&post=666"}],"curies":[{"name":"wp","href":"https:\/\/api.w.org\/{rel}","templated":true}]}}