{"id":668,"date":"2019-10-25T17:42:22","date_gmt":"2019-10-25T17:42:22","guid":{"rendered":"http:\/\/somortopedia.es\/?post_type=product&#038;p=668"},"modified":"2019-10-25T17:42:22","modified_gmt":"2019-10-25T17:42:22","slug":"rubix-2","status":"publish","type":"product","link":"https:\/\/somortopedia.es\/?product=rubix-2","title":{"rendered":"Rubix 2"},"content":{"rendered":"","protected":false},"excerpt":{"rendered":"<p>La silla de ruedas activa BREEZY RubiX 2 incorpora m\u00faltiples posibilidades de ajustes y adaptaciones. Permite regular: la profundidad, la altura y el\u00a0\u00e1ngulo del asiento, la altura del respaldo, el centro de gravedad y la longitud del reposabrazos. Adem\u00e1s est\u00e1 disponible en\u00a03 colores distintos: azul, rojo brillante y gris plata brillante.<br \/>\nCon estructura de aluminio de gran resistencia y cruceta de 3 brazos que aporta mayor soporte y rigidez a la silla.<\/p>\n","protected":false},"featured_media":669,"comment_status":"open","ping_status":"closed","template":"","meta":[],"product_brand":[],"product_cat":[48],"product_tag":[],"class_list":{"0":"post-668","1":"product","2":"type-product","3":"status-publish","4":"has-post-thumbnail","6":"product_cat-sillas-semiligeras","8":"first","9":"instock","10":"taxable","11":"shipping-taxable","12":"product-type-simple"},"_links":{"self":[{"href":"https:\/\/somortopedia.es\/index.php?rest_route=\/wp\/v2\/product\/668","targetHints":{"allow":["GET"]}}],"collection":[{"href":"https:\/\/somortopedia.es\/index.php?rest_route=\/wp\/v2\/product"}],"about":[{"href":"https:\/\/somortopedia.es\/index.php?rest_route=\/wp\/v2\/types\/product"}],"replies":[{"embeddable":true,"href":"https:\/\/somortopedia.es\/index.php?rest_route=%2Fwp%2Fv2%2Fcomments&post=668"}],"wp:featuredmedia":[{"embeddable":true,"href":"https:\/\/somortopedia.es\/index.php?rest_route=\/wp\/v2\/media\/669"}],"wp:attachment":[{"href":"https:\/\/somortopedia.es\/index.php?rest_route=%2Fwp%2Fv2%2Fmedia&parent=668"}],"wp:term":[{"taxonomy":"product_brand","embeddable":true,"href":"https:\/\/somortopedia.es\/index.php?rest_route=%2Fwp%2Fv2%2Fproduct_brand&post=668"},{"taxonomy":"product_cat","embeddable":true,"href":"https:\/\/somortopedia.es\/index.php?rest_route=%2Fwp%2Fv2%2Fproduct_cat&post=668"},{"taxonomy":"product_tag","embeddable":true,"href":"https:\/\/somortopedia.es\/index.php?rest_route=%2Fwp%2Fv2%2Fproduct_tag&post=668"}],"curies":[{"name":"wp","href":"https:\/\/api.w.org\/{rel}","templated":true}]}}